{"id":871,"date":"2024-09-23T09:24:04","date_gmt":"2024-09-23T09:24:04","guid":{"rendered":"https:\/\/www.siimet.fi\/?page_id=871"},"modified":"2025-11-24T15:31:10","modified_gmt":"2025-11-24T13:31:10","slug":"kontakt","status":"publish","type":"page","link":"https:\/\/www.siimet.fi\/sv\/yhteystiedot\/","title":{"rendered":"Kontakt"},"content":{"rendered":"<div style=\"height:75px\" aria-hidden=\"true\" class=\"wp-block-spacer\"><\/div>\n\n\n\n<div class=\"wp-block-group alignfull has-global-padding is-layout-constrained wp-container-core-group-is-layout-631b8087 wp-block-group-is-layout-constrained\" style=\"padding-top:var(--wp--preset--spacing--normal);padding-right:var(--wp--preset--spacing--normal);padding-bottom:var(--wp--preset--spacing--normal);padding-left:var(--wp--preset--spacing--normal)\">\n<div class=\"wp-block-columns alignwide is-layout-flex wp-container-core-columns-is-layout-28f84493 wp-block-columns-is-layout-flex\">\n<div class=\"wp-block-column is-layout-flow wp-container-core-column-is-layout-663b3283 wp-block-column-is-layout-flow\">\n<h2 class=\"wp-block-heading has-x-huge-font-size\" style=\"font-style:normal;font-weight:700;line-height:1;text-transform:uppercase\">Kontakta oss<\/h2>\n\n\n\n<h2 class=\"wp-block-heading\" style=\"margin-top:0;margin-bottom:0;font-size:clamp(17.905px, 1.119rem + ((1vw - 3.2px) * 1.202), 28px);\">V\u00e4xel +358 (0)15 321 610<\/h2>\n<\/div>\n\n\n\n<div class=\"wp-block-column is-layout-flow wp-container-core-column-is-layout-663b3283 wp-block-column-is-layout-flow\">\n<p>Vi hj\u00e4lper dig att hitta r\u00e4tt produkt och tj\u00e4nst som uppfyller dina behov. Se nedan f\u00f6r mer kontaktinformation och h\u00f6r av dig. <\/p>\n<\/div>\n<\/div>\n<\/div>\n\n\n\n<div class=\"wp-block-columns alignwide is-layout-flex wp-container-core-columns-is-layout-8a3c7233 wp-block-columns-is-layout-flex\" style=\"margin-top:90px\">\n<div class=\"wp-block-column is-layout-flow wp-container-core-column-is-layout-b15f4bf2 wp-block-column-is-layout-flow\">\n<div class=\"wp-block-group has-color-6-background-color has-background has-global-padding is-layout-constrained wp-container-core-group-is-layout-9a2e6007 wp-block-group-is-layout-constrained\" style=\"border-radius:6px;margin-bottom:20px;padding-top:25px;padding-right:25px;padding-bottom:25px;padding-left:25px\">\n<h2 class=\"wp-block-heading has-text-align-center\">F\u00f6rs\u00e4ljning<\/h2>\n<\/div>\n\n\n\n<h2 class=\"wp-block-heading has-text-align-center\">Markus Laikola<\/h2>\n\n\n\n<p class=\"has-text-align-center\">Sales Manager - F\u00f6rs\u00e4ljning av pallyftare och materialhanteringsutrustning,<br>begagnade sl\u00e4pvagnar<br><strong>+358 44 712 1031<br>markus.laikola@siimet.fi<\/strong><\/p>\n<\/div>\n\n\n\n<div class=\"wp-block-column is-layout-flow wp-container-core-column-is-layout-b15f4bf2 wp-block-column-is-layout-flow\">\n<div class=\"wp-block-group has-color-6-background-color has-background has-global-padding is-layout-constrained wp-container-core-group-is-layout-9a2e6007 wp-block-group-is-layout-constrained\" style=\"border-radius:6px;margin-bottom:20px;padding-top:25px;padding-right:25px;padding-bottom:25px;padding-left:25px\">\n<h2 class=\"wp-block-heading has-text-align-center\">Reservdelar, maskinbearbetning<\/h2>\n<\/div>\n\n\n\n<h2 class=\"wp-block-heading has-text-align-center\">Tuomo Rautio<\/h2>\n\n\n\n<p class=\"has-text-align-center\">Reservdelar, Nooteboom reservdelar, maskinbearbetningstj\u00e4nster<br><strong><strong>+358 <\/strong>44 321 6129<br>tuomo.rautio@siimet.fi<\/strong><\/p>\n<\/div>\n\n\n\n<div class=\"wp-block-column is-layout-flow wp-container-core-column-is-layout-b15f4bf2 wp-block-column-is-layout-flow\">\n<div class=\"wp-block-group has-color-6-background-color has-background has-global-padding is-layout-constrained wp-container-core-group-is-layout-9a2e6007 wp-block-group-is-layout-constrained\" style=\"border-radius:6px;margin-bottom:20px;padding-top:25px;padding-right:25px;padding-bottom:25px;padding-left:25px\">\n<h2 class=\"wp-block-heading has-text-align-center\">Verkstad<\/h2>\n<\/div>\n\n\n\n<h2 class=\"wp-block-heading has-text-align-center\">Pasi H\u00e4nninen<\/h2>\n\n\n\n<p class=\"has-text-align-center\">Verkstadsf\u00f6rman<br><strong><strong>+358 <\/strong>44 321 6128<br>pasi.hanninen@siimet.fi<\/strong><\/p>\n<\/div>\n<\/div>\n\n\n\n<div class=\"wp-block-columns alignwide is-layout-flex wp-container-core-columns-is-layout-8a3c7233 wp-block-columns-is-layout-flex\" style=\"margin-top:90px\">\n<div class=\"wp-block-column is-layout-flow wp-container-core-column-is-layout-b15f4bf2 wp-block-column-is-layout-flow\">\n<div class=\"wp-block-group has-color-6-background-color has-background has-global-padding is-layout-constrained wp-container-core-group-is-layout-9a2e6007 wp-block-group-is-layout-constrained\" style=\"border-radius:6px;margin-bottom:20px;padding-top:25px;padding-right:25px;padding-bottom:25px;padding-left:25px\">\n<h2 class=\"wp-block-heading has-text-align-center\">Reparationer<\/h2>\n<\/div>\n\n\n\n<h2 class=\"wp-block-heading has-text-align-center\">Janne Parviainen<\/h2>\n\n\n\n<p class=\"has-text-align-center\">F\u00f6rman, st\u00e5lkonstruktioner och reparationsservice<br><strong><strong>+358 <\/strong>44 321 6141<br>janne.parviainen@siimet.fi<\/strong><\/p>\n<\/div>\n\n\n\n<div class=\"wp-block-column is-layout-flow wp-container-core-column-is-layout-b15f4bf2 wp-block-column-is-layout-flow\">\n<div class=\"wp-block-group has-color-6-background-color has-background has-global-padding is-layout-constrained wp-container-core-group-is-layout-9a2e6007 wp-block-group-is-layout-constrained\" style=\"border-radius:6px;margin-bottom:20px;padding-top:25px;padding-right:25px;padding-bottom:25px;padding-left:25px\">\n<h2 class=\"wp-block-heading has-text-align-center\">Produktion<\/h2>\n<\/div>\n\n\n\n<h2 class=\"wp-block-heading has-text-align-center\">Harri Kuitunen<\/h2>\n\n\n\n<p class=\"has-text-align-center\">Produktionschef, f\u00f6rs\u00e4ljning av st\u00e5lkonstruktioner<br><strong><strong>+358 <\/strong>44 321 6126<br>harri.kuitunen@siimet.fi<\/strong><\/p>\n<\/div>\n\n\n\n<div class=\"wp-block-column is-layout-flow wp-container-core-column-is-layout-b15f4bf2 wp-block-column-is-layout-flow\">\n<div class=\"wp-block-group has-color-6-background-color has-background has-global-padding is-layout-constrained wp-container-core-group-is-layout-9a2e6007 wp-block-group-is-layout-constrained\" style=\"border-radius:6px;margin-bottom:20px;padding-top:25px;padding-right:25px;padding-bottom:25px;padding-left:25px\">\n<h2 class=\"wp-block-heading has-text-align-center\">Ekonomisk f\u00f6rvaltning<\/h2>\n<\/div>\n\n\n\n<h2 class=\"wp-block-heading has-text-align-center\">Iweta Sepp\u00e4l\u00e4<\/h2>\n\n\n\n<p class=\"has-text-align-center\">Ekonomisk sekreterare<br><strong><strong>+358 <\/strong>44 321 6127<br>iweta.seppala@siimet.fi<\/strong><\/p>\n<\/div>\n<\/div>\n\n\n\n<div class=\"wp-block-columns alignwide is-layout-flex wp-container-core-columns-is-layout-8a3c7233 wp-block-columns-is-layout-flex\" style=\"margin-top:90px\">\n<div class=\"wp-block-column is-layout-flow wp-container-core-column-is-layout-b15f4bf2 wp-block-column-is-layout-flow\">\n<div class=\"wp-block-group has-color-6-background-color has-background has-global-padding is-layout-constrained wp-container-core-group-is-layout-9a2e6007 wp-block-group-is-layout-constrained\" style=\"border-radius:6px;margin-bottom:20px;padding-top:25px;padding-right:25px;padding-bottom:25px;padding-left:25px\">\n<h2 class=\"wp-block-heading has-text-align-center\">F\u00f6rvaltning<\/h2>\n<\/div>\n\n\n\n<h2 class=\"wp-block-heading has-text-align-center\">Marko Tuhkalainen<\/h2>\n\n\n\n<p class=\"has-text-align-center\">VD<strong><strong><br>marko.tuhkalainen@siimet.fi<\/strong><\/strong><\/p>\n<\/div>\n\n\n\n<div class=\"wp-block-column is-layout-flow wp-container-core-column-is-layout-b15f4bf2 wp-block-column-is-layout-flow\"><\/div>\n\n\n\n<div class=\"wp-block-column is-layout-flow wp-container-core-column-is-layout-b15f4bf2 wp-block-column-is-layout-flow\"><\/div>\n<\/div>\n\n\n\n<div class=\"wp-block-group alignfull has-global-padding is-layout-constrained wp-container-core-group-is-layout-0debefae wp-block-group-is-layout-constrained\" style=\"padding-top:var(--wp--preset--spacing--normal);padding-right:var(--wp--preset--spacing--normal);padding-bottom:var(--wp--preset--spacing--normal);padding-left:var(--wp--preset--spacing--normal)\">\n<div class=\"wp-block-columns alignwide are-vertically-aligned-center has-color-6-background-color has-background is-layout-flex wp-container-core-columns-is-layout-52a2f0ee wp-block-columns-is-layout-flex\" style=\"padding-top:var(--wp--preset--spacing--x-large);padding-bottom:var(--wp--preset--spacing--x-large)\">\n<div class=\"wp-block-column is-vertically-aligned-center has-global-padding is-layout-constrained wp-container-core-column-is-layout-12243e0f wp-block-column-is-layout-constrained\" style=\"flex-basis:40%\">\n<h1 class=\"wp-block-heading\">Siimet OY<\/h1>\n\n\n\n<div class=\"wp-block-columns is-not-stacked-on-mobile is-layout-flex wp-container-core-columns-is-layout-28f84493 wp-block-columns-is-layout-flex\">\n<div class=\"wp-block-column is-layout-flow wp-container-core-column-is-layout-a7fa7455 wp-block-column-is-layout-flow\" style=\"flex-basis:60%\">\n<div class=\"wp-block-group has-global-padding is-layout-constrained wp-container-core-group-is-layout-f5f3bcb8 wp-block-group-is-layout-constrained\">\n<h3 class=\"wp-block-heading\">V\u00e4xel<\/h3>\n\n\n\n<h3 class=\"wp-block-heading\" style=\"font-size:clamp(14px, 0.875rem + ((1vw - 3.2px) * 0.714), 20px);\">+358 (0)15 321 610<\/h3>\n<\/div>\n\n\n\n<div class=\"wp-block-group has-global-padding is-layout-constrained wp-container-core-group-is-layout-f5f3bcb8 wp-block-group-is-layout-constrained\">\n<h3 class=\"wp-block-heading\">Adress<\/h3>\n\n\n\n<p>Entrepren\u00f6rsgata 28<br>FI-50130 Mikkeli<\/p>\n<\/div>\n\n\n\n<div class=\"wp-block-group has-global-padding is-layout-constrained wp-container-core-group-is-layout-f5f3bcb8 wp-block-group-is-layout-constrained\">\n<h3 class=\"wp-block-heading\">N\u00e5gra<\/h3>\n\n\n\n<ul class=\"wp-block-social-links has-large-icon-size has-icon-color is-style-logos-only is-layout-flex wp-container-core-social-links-is-layout-390662de wp-block-social-links-is-layout-flex\"><li style=\"color:#fcb900;\" class=\"wp-social-link wp-social-link-facebook has-luminous-vivid-amber-color wp-block-social-link\"><a href=\"#\" class=\"wp-block-social-link-anchor\"><svg width=\"24\" height=\"24\" viewbox=\"0 0 24 24\" version=\"1.1\" xmlns=\"http:\/\/www.w3.org\/2000\/svg\" aria-hidden=\"true\" focusable=\"false\"><path d=\"M12 2C6.5 2 2 6.5 2 12c0 5 3.7 9.1 8.4 9.9v-7H7.9V12h2.5V9.8c0-2.5 1.5-3.9 3.8-3.9 1.1 0 2.2.2 2.2.2v2.5h-1.3c-1.2 0-1.6.8-1.6 1.6V12h2.8l-.4 2.9h-2.3v7C18.3 21.1 22 17 22 12c0-5.5-4.5-10-10-10z\"><\/path><\/svg><span class=\"wp-block-social-link-label screen-reader-text\">Facebook<\/span><\/a><\/li>\n\n<li style=\"color:#fcb900;\" class=\"wp-social-link wp-social-link-linkedin has-luminous-vivid-amber-color wp-block-social-link\"><a href=\"#\" class=\"wp-block-social-link-anchor\"><svg width=\"24\" height=\"24\" viewbox=\"0 0 24 24\" version=\"1.1\" xmlns=\"http:\/\/www.w3.org\/2000\/svg\" aria-hidden=\"true\" focusable=\"false\"><path d=\"M19.7,3H4.3C3.582,3,3,3.582,3,4.3v15.4C3,20.418,3.582,21,4.3,21h15.4c0.718,0,1.3-0.582,1.3-1.3V4.3 C21,3.582,20.418,3,19.7,3z M8.339,18.338H5.667v-8.59h2.672V18.338z M7.004,8.574c-0.857,0-1.549-0.694-1.549-1.548 c0-0.855,0.691-1.548,1.549-1.548c0.854,0,1.547,0.694,1.547,1.548C8.551,7.881,7.858,8.574,7.004,8.574z M18.339,18.338h-2.669 v-4.177c0-0.996-0.017-2.278-1.387-2.278c-1.389,0-1.601,1.086-1.601,2.206v4.249h-2.667v-8.59h2.559v1.174h0.037 c0.356-0.675,1.227-1.387,2.526-1.387c2.703,0,3.203,1.779,3.203,4.092V18.338z\"><\/path><\/svg><span class=\"wp-block-social-link-label screen-reader-text\">LinkedIn<\/span><\/a><\/li>\n\n<li style=\"color:#fcb900;\" class=\"wp-social-link wp-social-link-youtube has-luminous-vivid-amber-color wp-block-social-link\"><a href=\"#\" class=\"wp-block-social-link-anchor\"><svg width=\"24\" height=\"24\" viewbox=\"0 0 24 24\" version=\"1.1\" xmlns=\"http:\/\/www.w3.org\/2000\/svg\" aria-hidden=\"true\" focusable=\"false\"><path d=\"M21.8,8.001c0,0-0.195-1.378-0.795-1.985c-0.76-0.797-1.613-0.801-2.004-0.847c-2.799-0.202-6.997-0.202-6.997-0.202 h-0.009c0,0-4.198,0-6.997,0.202C4.608,5.216,3.756,5.22,2.995,6.016C2.395,6.623,2.2,8.001,2.2,8.001S2,9.62,2,11.238v1.517 c0,1.618,0.2,3.237,0.2,3.237s0.195,1.378,0.795,1.985c0.761,0.797,1.76,0.771,2.205,0.855c1.6,0.153,6.8,0.201,6.8,0.201 s4.203-0.006,7.001-0.209c0.391-0.047,1.243-0.051,2.004-0.847c0.6-0.607,0.795-1.985,0.795-1.985s0.2-1.618,0.2-3.237v-1.517 C22,9.62,21.8,8.001,21.8,8.001z M9.935,14.594l-0.001-5.62l5.404,2.82L9.935,14.594z\"><\/path><\/svg><span class=\"wp-block-social-link-label screen-reader-text\">YouTube<\/span><\/a><\/li><\/ul>\n<\/div>\n<\/div>\n\n\n\n<div class=\"wp-block-column is-layout-flow wp-container-core-column-is-layout-3ca914a4 wp-block-column-is-layout-flow\" style=\"flex-basis:40%\">\n<div class=\"wp-block-group has-global-padding is-layout-constrained wp-container-core-group-is-layout-f5f3bcb8 wp-block-group-is-layout-constrained\">\n<h3 class=\"wp-block-heading\">E-post<\/h3>\n\n\n\n<p><a href=\"mailto:info@siimet.fi\">info@siimet.fi<\/a><\/p>\n<\/div>\n\n\n\n<div class=\"wp-block-group has-global-padding is-layout-constrained wp-container-core-group-is-layout-f5f3bcb8 wp-block-group-is-layout-constrained\">\n<h3 class=\"wp-block-heading\">F\u00f6retags-ID<\/h3>\n\n\n\n<p><a href=\"https:\/\/tietopalvelu.ytj.fi\/yritystiedot.aspx?yavain=2838875&amp;tarkiste=AC7B37C36BDDE800A455A3DEE387237EEEA89259\">3085107-6<\/a><br> <\/p>\n<\/div>\n<\/div>\n<\/div>\n<\/div>\n\n\n\n<div class=\"wp-block-column is-vertically-aligned-center has-global-padding is-layout-constrained wp-container-core-column-is-layout-12243e0f wp-block-column-is-layout-constrained\" style=\"flex-basis:60%\">\n<iframe src=\"https:\/\/www.google.com\/maps\/embed?pb=!1m18!1m12!1m3!1d1892.7178185797572!2d27.235422277545936!3d61.68055687583725!2m3!1f0!2f0!3f0!3m2!1i1024!2i768!4f13.1!3m3!1m2!1s0x469aa111bcfe63d7%3A0x3b9532867ea2c695!2sSiimet%20Oy!5e0!3m2!1sfi!2sfi!4v1737648026746!5m2!1sfi!2sfi\" width=\"600\" height=\"450\" style=\"border:0;\" allowfullscreen=\"\" loading=\"lazy\" referrerpolicy=\"no-referrer-when-downgrade\"><\/iframe>\n<\/div>\n<\/div>\n<\/div>\n\n\n\n<div class=\"wp-block-group alignfull has-global-padding is-layout-constrained wp-container-core-group-is-layout-0debefae wp-block-group-is-layout-constrained\" style=\"padding-top:var(--wp--preset--spacing--normal);padding-right:var(--wp--preset--spacing--normal);padding-bottom:var(--wp--preset--spacing--normal);padding-left:var(--wp--preset--spacing--normal)\">\n<div class=\"wp-block-columns alignwide is-layout-flex wp-container-core-columns-is-layout-28f84493 wp-block-columns-is-layout-flex\">\n<div class=\"wp-block-column is-layout-flow wp-block-column-is-layout-flow\">\n<h2 class=\"wp-block-heading has-huge-font-size\" style=\"font-style:normal;font-weight:700;line-height:1;text-transform:uppercase\">Faktureringsinformation<\/h2>\n\n\n\n<p class=\"translation-block\">Vi behandlar endast onlinefakturor.<\/p>\n<\/div>\n\n\n\n<div class=\"wp-block-column is-layout-flow wp-block-column-is-layout-flow\">\n<p><strong>Fakturaadress online: <\/strong>003730851076<br><strong>Operat\u00f6rs ID:<\/strong> 003701150617 (PostNord Str lfors Oy)<\/p>\n\n\n\n<p>Om ditt f\u00f6retag inte har m\u00f6jlighet att skicka e-fakturor till oss kan du skicka fakturor via e-post:<br><em>fi-mailinvoice@postnordscanning.com<\/em><\/p>\n<\/div>\n<\/div>\n<\/div>\n\n\n\n<p><\/p>","protected":false},"excerpt":{"rendered":"<p>Ota yhteytt\u00e4 Vaihde +358 (0)15 321 610 Me autamme ja palvelemme sinua l\u00f6yt\u00e4m\u00e4\u00e4n juuri oikean tuotteen ja palvelun vastaamaan tarpeistasi. Katso tarkemmat yhteystiedot alta ja ota yhteytt\u00e4. Myynti Markus Laikola Myyntip\u00e4\u00e4llikk\u00f6 &#8211; Lavettien- ja materiaalinsiirtovaunujen myynti,k\u00e4ytetyt lavetit+358 44 712 1031markus.laikola@siimet.fi Varaosat, koneistus Tuomo Rautio Varaosat, Nooteboom varaosat, koneistuspalvelut+358 44 321 6129tuomo.rautio@siimet.fi Korjaamo Pasi H\u00e4nninen Korjaamoty\u00f6njohtaja+358 [&hellip;]<\/p>\n","protected":false},"author":1,"featured_media":0,"parent":0,"menu_order":0,"comment_status":"closed","ping_status":"closed","template":"","meta":{"inline_featured_image":false,"footnotes":""},"class_list":["post-871","page","type-page","status-publish","hentry"],"yoast_head":"<!-- This site is optimized with the Yoast SEO plugin v27.3 - https:\/\/yoast.com\/product\/yoast-seo-wordpress\/ -->\n<title>Yhteystiedot - Siimet<\/title>\n<meta name=\"description\" content=\"Ota yhteytt\u00e4. Me autamme ja palvelemme sinua l\u00f6yt\u00e4m\u00e4\u00e4n oikean tuotteen ja palvelun vastaamaan tarpeistasi.\" \/>\n<meta name=\"robots\" content=\"index, follow, max-snippet:-1, max-image-preview:large, max-video-preview:-1\" \/>\n<link rel=\"canonical\" href=\"https:\/\/www.siimet.fi\/sv\/kontakt\/\" \/>\n<meta property=\"og:locale\" content=\"sv_SE\" \/>\n<meta property=\"og:type\" content=\"article\" \/>\n<meta property=\"og:title\" content=\"Yhteystiedot - Siimet\" \/>\n<meta property=\"og:description\" content=\"Ota yhteytt\u00e4. Me autamme ja palvelemme sinua l\u00f6yt\u00e4m\u00e4\u00e4n oikean tuotteen ja palvelun vastaamaan tarpeistasi.\" \/>\n<meta property=\"og:url\" content=\"https:\/\/www.siimet.fi\/sv\/kontakt\/\" \/>\n<meta property=\"og:site_name\" content=\"Siimet\" \/>\n<meta property=\"article:publisher\" content=\"https:\/\/www.facebook.com\/siimetoy\" \/>\n<meta property=\"article:modified_time\" content=\"2025-11-24T13:31:10+00:00\" \/>\n<meta name=\"twitter:card\" content=\"summary_large_image\" \/>\n<meta name=\"twitter:label1\" content=\"Ber\u00e4knad l\u00e4stid\" \/>\n\t<meta name=\"twitter:data1\" content=\"1 minut\" \/>\n<script type=\"application\/ld+json\" class=\"yoast-schema-graph\">{\"@context\":\"https:\\\/\\\/schema.org\",\"@graph\":[{\"@type\":\"WebPage\",\"@id\":\"https:\\\/\\\/www.siimet.fi\\\/yhteystiedot\\\/\",\"url\":\"https:\\\/\\\/www.siimet.fi\\\/yhteystiedot\\\/\",\"name\":\"Yhteystiedot - Siimet\",\"isPartOf\":{\"@id\":\"https:\\\/\\\/www.siimet.fi\\\/#website\"},\"datePublished\":\"2024-09-23T09:24:04+00:00\",\"dateModified\":\"2025-11-24T13:31:10+00:00\",\"description\":\"Ota yhteytt\u00e4. Me autamme ja palvelemme sinua l\u00f6yt\u00e4m\u00e4\u00e4n oikean tuotteen ja palvelun vastaamaan tarpeistasi.\",\"breadcrumb\":{\"@id\":\"https:\\\/\\\/www.siimet.fi\\\/yhteystiedot\\\/#breadcrumb\"},\"inLanguage\":\"sv-SE\",\"potentialAction\":[{\"@type\":\"ReadAction\",\"target\":[\"https:\\\/\\\/www.siimet.fi\\\/yhteystiedot\\\/\"]}]},{\"@type\":\"BreadcrumbList\",\"@id\":\"https:\\\/\\\/www.siimet.fi\\\/yhteystiedot\\\/#breadcrumb\",\"itemListElement\":[{\"@type\":\"ListItem\",\"position\":1,\"name\":\"Etusivu\",\"item\":\"https:\\\/\\\/www.siimet.fi\\\/\"},{\"@type\":\"ListItem\",\"position\":2,\"name\":\"Yhteystiedot\"}]},{\"@type\":\"WebSite\",\"@id\":\"https:\\\/\\\/www.siimet.fi\\\/#website\",\"url\":\"https:\\\/\\\/www.siimet.fi\\\/\",\"name\":\"Siimet\",\"description\":\"Lavettien valmistus, myynti ja huolto\",\"publisher\":{\"@id\":\"https:\\\/\\\/www.siimet.fi\\\/#organization\"},\"potentialAction\":[{\"@type\":\"SearchAction\",\"target\":{\"@type\":\"EntryPoint\",\"urlTemplate\":\"https:\\\/\\\/www.siimet.fi\\\/?s={search_term_string}\"},\"query-input\":{\"@type\":\"PropertyValueSpecification\",\"valueRequired\":true,\"valueName\":\"search_term_string\"}}],\"inLanguage\":\"sv-SE\"},{\"@type\":\"Organization\",\"@id\":\"https:\\\/\\\/www.siimet.fi\\\/#organization\",\"name\":\"Siimet Oy\",\"url\":\"https:\\\/\\\/www.siimet.fi\\\/\",\"logo\":{\"@type\":\"ImageObject\",\"inLanguage\":\"sv-SE\",\"@id\":\"https:\\\/\\\/www.siimet.fi\\\/#\\\/schema\\\/logo\\\/image\\\/\",\"url\":\"https:\\\/\\\/www.siimet.fi\\\/wp-content\\\/uploads\\\/2024\\\/09\\\/siimet.svg\",\"contentUrl\":\"https:\\\/\\\/www.siimet.fi\\\/wp-content\\\/uploads\\\/2024\\\/09\\\/siimet.svg\",\"caption\":\"Siimet Oy\"},\"image\":{\"@id\":\"https:\\\/\\\/www.siimet.fi\\\/#\\\/schema\\\/logo\\\/image\\\/\"},\"sameAs\":[\"https:\\\/\\\/www.facebook.com\\\/siimetoy\",\"https:\\\/\\\/www.linkedin.com\\\/company\\\/siimet-oy\\\/\"]}]}<\/script>\n<!-- \/ Yoast SEO plugin. -->","yoast_head_json":{"title":"Kontaktuppgifter - Siimet","description":"Kontakta oss - vi hj\u00e4lper dig. Vi kommer att hj\u00e4lpa dig att hitta r\u00e4tt produkt och tj\u00e4nst f\u00f6r att uppfylla dina behov.","robots":{"index":"index","follow":"follow","max-snippet":"max-snippet:-1","max-image-preview":"max-image-preview:large","max-video-preview":"max-video-preview:-1"},"canonical":"https:\/\/www.siimet.fi\/sv\/kontakt\/","og_locale":"sv_SE","og_type":"article","og_title":"Yhteystiedot - Siimet","og_description":"Ota yhteytt\u00e4. Me autamme ja palvelemme sinua l\u00f6yt\u00e4m\u00e4\u00e4n oikean tuotteen ja palvelun vastaamaan tarpeistasi.","og_url":"https:\/\/www.siimet.fi\/sv\/kontakt\/","og_site_name":"Siimet","article_publisher":"https:\/\/www.facebook.com\/siimetoy","article_modified_time":"2025-11-24T13:31:10+00:00","twitter_card":"summary_large_image","twitter_misc":{"Ber\u00e4knad l\u00e4stid":"1 minut"},"schema":{"@context":"https:\/\/schema.org","@graph":[{"@type":"WebPage","@id":"https:\/\/www.siimet.fi\/yhteystiedot\/","url":"https:\/\/www.siimet.fi\/yhteystiedot\/","name":"Kontaktuppgifter - Siimet","isPartOf":{"@id":"https:\/\/www.siimet.fi\/#website"},"datePublished":"2024-09-23T09:24:04+00:00","dateModified":"2025-11-24T13:31:10+00:00","description":"Kontakta oss - vi hj\u00e4lper dig. Vi kommer att hj\u00e4lpa dig att hitta r\u00e4tt produkt och tj\u00e4nst f\u00f6r att uppfylla dina behov.","breadcrumb":{"@id":"https:\/\/www.siimet.fi\/yhteystiedot\/#breadcrumb"},"inLanguage":"sv-SE","potentialAction":[{"@type":"ReadAction","target":["https:\/\/www.siimet.fi\/yhteystiedot\/"]}]},{"@type":"BreadcrumbList","@id":"https:\/\/www.siimet.fi\/yhteystiedot\/#breadcrumb","itemListElement":[{"@type":"ListItem","position":1,"name":"Etusivu","item":"https:\/\/www.siimet.fi\/"},{"@type":"ListItem","position":2,"name":"Yhteystiedot"}]},{"@type":"WebSite","@id":"https:\/\/www.siimet.fi\/#website","url":"https:\/\/www.siimet.fi\/","name":"Siimet","description":"Tillverkning, f\u00f6rs\u00e4ljning och underh\u00e5ll av lastpallar","publisher":{"@id":"https:\/\/www.siimet.fi\/#organization"},"potentialAction":[{"@type":"SearchAction","target":{"@type":"EntryPoint","urlTemplate":"https:\/\/www.siimet.fi\/?s={search_term_string}"},"query-input":{"@type":"PropertyValueSpecification","valueRequired":true,"valueName":"search_term_string"}}],"inLanguage":"sv-SE"},{"@type":"Organization","@id":"https:\/\/www.siimet.fi\/#organization","name":"Siimet OY","url":"https:\/\/www.siimet.fi\/","logo":{"@type":"ImageObject","inLanguage":"sv-SE","@id":"https:\/\/www.siimet.fi\/#\/schema\/logo\/image\/","url":"https:\/\/www.siimet.fi\/wp-content\/uploads\/2024\/09\/siimet.svg","contentUrl":"https:\/\/www.siimet.fi\/wp-content\/uploads\/2024\/09\/siimet.svg","caption":"Siimet Oy"},"image":{"@id":"https:\/\/www.siimet.fi\/#\/schema\/logo\/image\/"},"sameAs":["https:\/\/www.facebook.com\/siimetoy","https:\/\/www.linkedin.com\/company\/siimet-oy\/"]}]}},"_links":{"self":[{"href":"https:\/\/www.siimet.fi\/sv\/wp-json\/wp\/v2\/pages\/871","targetHints":{"allow":["GET"]}}],"collection":[{"href":"https:\/\/www.siimet.fi\/sv\/wp-json\/wp\/v2\/pages"}],"about":[{"href":"https:\/\/www.siimet.fi\/sv\/wp-json\/wp\/v2\/types\/page"}],"author":[{"embeddable":true,"href":"https:\/\/www.siimet.fi\/sv\/wp-json\/wp\/v2\/users\/1"}],"replies":[{"embeddable":true,"href":"https:\/\/www.siimet.fi\/sv\/wp-json\/wp\/v2\/comments?post=871"}],"version-history":[{"count":117,"href":"https:\/\/www.siimet.fi\/sv\/wp-json\/wp\/v2\/pages\/871\/revisions"}],"predecessor-version":[{"id":1957,"href":"https:\/\/www.siimet.fi\/sv\/wp-json\/wp\/v2\/pages\/871\/revisions\/1957"}],"wp:attachment":[{"href":"https:\/\/www.siimet.fi\/sv\/wp-json\/wp\/v2\/media?parent=871"}],"curies":[{"name":"wp","href":"https:\/\/api.w.org\/{rel}","templated":true}]}}