{"id":1923,"date":"2025-11-06T13:31:16","date_gmt":"2025-11-06T11:31:16","guid":{"rendered":"https:\/\/www.siimet.fi\/?page_id=1923"},"modified":"2025-11-06T13:47:24","modified_gmt":"2025-11-06T11:47:24","slug":"siimet-nasta-steg-projekt","status":"publish","type":"page","link":"https:\/\/www.siimet.fi\/sv\/siimet-next-step-hanke\/","title":{"rendered":"Siimet Next Step-projektet"},"content":{"rendered":"<div class=\"wp-block-group alignfull has-global-padding is-layout-constrained wp-container-core-group-is-layout-197d5b62 wp-block-group-is-layout-constrained\" style=\"padding-top:30px;padding-right:30px;padding-bottom:30px;padding-left:30px\">\n<figure class=\"wp-block-image alignwide size-full\"><img loading=\"lazy\" decoding=\"async\" width=\"2048\" height=\"1152\" src=\"https:\/\/www.siimet.fi\/wp-content\/uploads\/2025\/11\/siimet-next-step-edited-1.jpg\" alt=\"Siimet NEXT STEP-projektet\" class=\"wp-image-1931\" srcset=\"https:\/\/www.siimet.fi\/wp-content\/uploads\/2025\/11\/siimet-next-step-edited-1.jpg 2048w, https:\/\/www.siimet.fi\/wp-content\/uploads\/2025\/11\/siimet-next-step-edited-1-300x169.jpg 300w, https:\/\/www.siimet.fi\/wp-content\/uploads\/2025\/11\/siimet-next-step-edited-1-1024x576.jpg 1024w, https:\/\/www.siimet.fi\/wp-content\/uploads\/2025\/11\/siimet-next-step-edited-1-768x432.jpg 768w, https:\/\/www.siimet.fi\/wp-content\/uploads\/2025\/11\/siimet-next-step-edited-1-1536x864.jpg 1536w, https:\/\/www.siimet.fi\/wp-content\/uploads\/2025\/11\/siimet-next-step-edited-1-18x10.jpg 18w\" sizes=\"auto, (max-width: 2048px) 100vw, 2048px\" \/><\/figure>\n\n\n\n<div class=\"wp-block-columns alignwide is-layout-flex wp-container-core-columns-is-layout-28f84493 wp-block-columns-is-layout-flex\">\n<div class=\"wp-block-column is-layout-flow wp-block-column-is-layout-flow\" style=\"flex-basis:50%\">\n<p class=\"has-color-4-color has-text-color has-link-color wp-elements-5f150363bee3f254c4706f824ec7d4bd\" style=\"font-style:normal;font-weight:600\">Siimet OY<\/p>\n\n\n\n<figure class=\"wp-block-image size-large is-resized\"><img decoding=\"async\" src=\"https:\/\/www.siimet.fi\/wp-content\/uploads\/2024\/09\/siimet.svg\" alt=\"\" class=\"wp-image-107\" style=\"width:280px;height:auto\"\/><\/figure>\n\n\n\n<h2 class=\"wp-block-heading has-x-huge-font-size\" style=\"margin-top:var(--wp--preset--spacing--medium);font-style:normal;font-weight:700;text-transform:uppercase\">Utveckling av verksamheten<br>Siimet i n\u00e4sta steg-projektet<\/h2>\n\n\n\n<h2 class=\"wp-block-heading\">Varaktighet 03\/2023 - 12\/2025<\/h2>\n<\/div>\n\n\n\n<div class=\"wp-block-column is-vertically-aligned-center is-layout-flow wp-container-core-column-is-layout-3ca914a4 wp-block-column-is-layout-flow\" style=\"flex-basis:50%\">\n<h2 class=\"wp-block-heading\">Projektbeskrivning<\/h2>\n\n\n\n<p>Under projektet \u00e4r Siimet Oy:s m\u00e5l att \u00f6ka sin nyproduktions- och eftermarknadsverksamhet till n\u00e4sta niv\u00e5 och m\u00f6jligg\u00f6ra en h\u00f6gre exportandel i sin verksamhet. F\u00f6r att uppn\u00e5 dessa m\u00e5l kr\u00e4vs investeringar i automation och produktionsutveckling.<\/p>\n\n\n\n<h2 class=\"wp-block-heading\">Projektsiffror i ett n\u00f6tskal<\/h2>\n\n\n\n<p><strong>Total budget:<\/strong> 2 000 000 \u20ac<br><strong>Finansiering fr\u00e5n EU:<\/strong> 871 000 \u20ac<\/p>\n\n\n\n<h2 class=\"wp-block-heading\">Involverad i projektet och utvecklingen<\/h2>\n\n\n\n<figure class=\"wp-block-image size-full is-resized\"><img loading=\"lazy\" decoding=\"async\" width=\"500\" height=\"275\" src=\"https:\/\/www.siimet.fi\/wp-content\/uploads\/2024\/09\/toimintaa-tukemassa.png\" alt=\"St\u00f6dja Siimets verksamhet\" class=\"wp-image-1792\" style=\"width:250px\" srcset=\"https:\/\/www.siimet.fi\/wp-content\/uploads\/2024\/09\/toimintaa-tukemassa.png 500w, https:\/\/www.siimet.fi\/wp-content\/uploads\/2024\/09\/toimintaa-tukemassa-300x165.png 300w, https:\/\/www.siimet.fi\/wp-content\/uploads\/2024\/09\/toimintaa-tukemassa-18x10.png 18w\" sizes=\"auto, (max-width: 500px) 100vw, 500px\" \/><\/figure>\n<\/div>\n<\/div>\n<\/div>\n\n\n\n<div class=\"wp-block-group alignfull has-global-padding is-layout-constrained wp-container-core-group-is-layout-9c5011df wp-block-group-is-layout-constrained\" style=\"padding-top:30px;padding-right:30px;padding-bottom:30px;padding-left:30px\">\n<figure class=\"wp-block-gallery alignwide has-nested-images columns-2 is-cropped wp-block-gallery-1 is-layout-flex wp-block-gallery-is-layout-flex\">\n<figure data-wp-context=\"{&quot;imageId&quot;:&quot;69f23a5b4ec4e&quot;}\" data-wp-interactive=\"core\/image\" data-wp-key=\"69f23a5b4ec4e\" class=\"wp-block-image size-large wp-lightbox-container\"><img loading=\"lazy\" decoding=\"async\" width=\"1024\" height=\"576\" data-wp-class--hide=\"state.isContentHidden\" data-wp-class--show=\"state.isContentVisible\" data-wp-init=\"callbacks.setButtonStyles\" data-wp-on--click=\"actions.showLightbox\" data-wp-on--load=\"callbacks.setButtonStyles\" data-wp-on-window--resize=\"callbacks.setButtonStyles\" data-id=\"1271\" src=\"https:\/\/www.siimet.fi\/wp-content\/uploads\/2024\/11\/siimet-lavetit-metalli-1024x576.jpg\" alt=\"Tillverkning av lastpallar\" class=\"wp-image-1271\" srcset=\"https:\/\/www.siimet.fi\/wp-content\/uploads\/2024\/11\/siimet-lavetit-metalli-1024x576.jpg 1024w, https:\/\/www.siimet.fi\/wp-content\/uploads\/2024\/11\/siimet-lavetit-metalli-600x338.jpg 600w, https:\/\/www.siimet.fi\/wp-content\/uploads\/2024\/11\/siimet-lavetit-metalli-300x169.jpg 300w, https:\/\/www.siimet.fi\/wp-content\/uploads\/2024\/11\/siimet-lavetit-metalli-768x432.jpg 768w, https:\/\/www.siimet.fi\/wp-content\/uploads\/2024\/11\/siimet-lavetit-metalli-1536x864.jpg 1536w, https:\/\/www.siimet.fi\/wp-content\/uploads\/2024\/11\/siimet-lavetit-metalli.jpg 1920w\" sizes=\"auto, (max-width: 1024px) 100vw, 1024px\" \/><button\n\t\t\tclass=\"lightbox-trigger\"\n\t\t\ttype=\"button\"\n\t\t\taria-haspopup=\"dialog\"\n\t\t\taria-label=\"F\u00f6rstora\"\n\t\t\tdata-wp-init=\"callbacks.initTriggerButton\"\n\t\t\tdata-wp-on--click=\"actions.showLightbox\"\n\t\t\tdata-wp-style--right=\"state.imageButtonRight\"\n\t\t\tdata-wp-style--top=\"state.imageButtonTop\"\n\t\t>\n\t\t\t<svg xmlns=\"http:\/\/www.w3.org\/2000\/svg\" width=\"12\" height=\"12\" fill=\"none\" viewbox=\"0 0 12 12\">\n\t\t\t\t<path fill=\"#fff\" d=\"M2 0a2 2 0 0 0-2 2v2h1.5V2a.5.5 0 0 1 .5-.5h2V0H2Zm2 10.5H2a.5.5 0 0 1-.5-.5V8H0v2a2 2 0 0 0 2 2h2v-1.5ZM8 12v-1.5h2a.5.5 0 0 0 .5-.5V8H12v2a2 2 0 0 1-2 2H8Zm2-12a2 2 0 0 1 2 2v2h-1.5V2a.5.5 0 0 0-.5-.5H8V0h2Z\" \/>\n\t\t\t<\/svg>\n\t\t<\/button><\/figure>\n\n\n\n<figure data-wp-context=\"{&quot;imageId&quot;:&quot;69f23a5b4f659&quot;}\" data-wp-interactive=\"core\/image\" data-wp-key=\"69f23a5b4f659\" class=\"wp-block-image size-large wp-lightbox-container\"><img loading=\"lazy\" decoding=\"async\" width=\"1024\" height=\"576\" data-wp-class--hide=\"state.isContentHidden\" data-wp-class--show=\"state.isContentVisible\" data-wp-init=\"callbacks.setButtonStyles\" data-wp-on--click=\"actions.showLightbox\" data-wp-on--load=\"callbacks.setButtonStyles\" data-wp-on-window--resize=\"callbacks.setButtonStyles\" data-id=\"1270\" src=\"https:\/\/www.siimet.fi\/wp-content\/uploads\/2024\/11\/siimet-lavetit-valmistus-1024x576.jpg\" alt=\"F\u00f6rverkligande av pallen\" class=\"wp-image-1270\" srcset=\"https:\/\/www.siimet.fi\/wp-content\/uploads\/2024\/11\/siimet-lavetit-valmistus-1024x576.jpg 1024w, https:\/\/www.siimet.fi\/wp-content\/uploads\/2024\/11\/siimet-lavetit-valmistus-600x338.jpg 600w, https:\/\/www.siimet.fi\/wp-content\/uploads\/2024\/11\/siimet-lavetit-valmistus-300x169.jpg 300w, https:\/\/www.siimet.fi\/wp-content\/uploads\/2024\/11\/siimet-lavetit-valmistus-768x432.jpg 768w, https:\/\/www.siimet.fi\/wp-content\/uploads\/2024\/11\/siimet-lavetit-valmistus-1536x864.jpg 1536w, https:\/\/www.siimet.fi\/wp-content\/uploads\/2024\/11\/siimet-lavetit-valmistus.jpg 1920w\" sizes=\"auto, (max-width: 1024px) 100vw, 1024px\" \/><button\n\t\t\tclass=\"lightbox-trigger\"\n\t\t\ttype=\"button\"\n\t\t\taria-haspopup=\"dialog\"\n\t\t\taria-label=\"F\u00f6rstora\"\n\t\t\tdata-wp-init=\"callbacks.initTriggerButton\"\n\t\t\tdata-wp-on--click=\"actions.showLightbox\"\n\t\t\tdata-wp-style--right=\"state.imageButtonRight\"\n\t\t\tdata-wp-style--top=\"state.imageButtonTop\"\n\t\t>\n\t\t\t<svg xmlns=\"http:\/\/www.w3.org\/2000\/svg\" width=\"12\" height=\"12\" fill=\"none\" viewbox=\"0 0 12 12\">\n\t\t\t\t<path fill=\"#fff\" d=\"M2 0a2 2 0 0 0-2 2v2h1.5V2a.5.5 0 0 1 .5-.5h2V0H2Zm2 10.5H2a.5.5 0 0 1-.5-.5V8H0v2a2 2 0 0 0 2 2h2v-1.5ZM8 12v-1.5h2a.5.5 0 0 0 .5-.5V8H12v2a2 2 0 0 1-2 2H8Zm2-12a2 2 0 0 1 2 2v2h-1.5V2a.5.5 0 0 0-.5-.5H8V0h2Z\" \/>\n\t\t\t<\/svg>\n\t\t<\/button><\/figure>\n\n\n\n<figure data-wp-context=\"{&quot;imageId&quot;:&quot;69f23a5b4ffc8&quot;}\" data-wp-interactive=\"core\/image\" data-wp-key=\"69f23a5b4ffc8\" class=\"wp-block-image size-large wp-lightbox-container\"><img loading=\"lazy\" decoding=\"async\" width=\"1024\" height=\"683\" data-wp-class--hide=\"state.isContentHidden\" data-wp-class--show=\"state.isContentVisible\" data-wp-init=\"callbacks.setButtonStyles\" data-wp-on--click=\"actions.showLightbox\" data-wp-on--load=\"callbacks.setButtonStyles\" data-wp-on-window--resize=\"callbacks.setButtonStyles\" data-id=\"1924\" src=\"https:\/\/www.siimet.fi\/wp-content\/uploads\/2025\/11\/siimet-next-step-1024x683.jpg\" alt=\"Siimet NEXT STEP-projektet\" class=\"wp-image-1924\" srcset=\"https:\/\/www.siimet.fi\/wp-content\/uploads\/2025\/11\/siimet-next-step-1024x683.jpg 1024w, https:\/\/www.siimet.fi\/wp-content\/uploads\/2025\/11\/siimet-next-step-300x200.jpg 300w, https:\/\/www.siimet.fi\/wp-content\/uploads\/2025\/11\/siimet-next-step-768x512.jpg 768w, https:\/\/www.siimet.fi\/wp-content\/uploads\/2025\/11\/siimet-next-step-1536x1024.jpg 1536w, https:\/\/www.siimet.fi\/wp-content\/uploads\/2025\/11\/siimet-next-step-18x12.jpg 18w, https:\/\/www.siimet.fi\/wp-content\/uploads\/2025\/11\/siimet-next-step.jpg 2048w\" sizes=\"auto, (max-width: 1024px) 100vw, 1024px\" \/><button\n\t\t\tclass=\"lightbox-trigger\"\n\t\t\ttype=\"button\"\n\t\t\taria-haspopup=\"dialog\"\n\t\t\taria-label=\"F\u00f6rstora\"\n\t\t\tdata-wp-init=\"callbacks.initTriggerButton\"\n\t\t\tdata-wp-on--click=\"actions.showLightbox\"\n\t\t\tdata-wp-style--right=\"state.imageButtonRight\"\n\t\t\tdata-wp-style--top=\"state.imageButtonTop\"\n\t\t>\n\t\t\t<svg xmlns=\"http:\/\/www.w3.org\/2000\/svg\" width=\"12\" height=\"12\" fill=\"none\" viewbox=\"0 0 12 12\">\n\t\t\t\t<path fill=\"#fff\" d=\"M2 0a2 2 0 0 0-2 2v2h1.5V2a.5.5 0 0 1 .5-.5h2V0H2Zm2 10.5H2a.5.5 0 0 1-.5-.5V8H0v2a2 2 0 0 0 2 2h2v-1.5ZM8 12v-1.5h2a.5.5 0 0 0 .5-.5V8H12v2a2 2 0 0 1-2 2H8Zm2-12a2 2 0 0 1 2 2v2h-1.5V2a.5.5 0 0 0-.5-.5H8V0h2Z\" \/>\n\t\t\t<\/svg>\n\t\t<\/button><\/figure>\n\n\n\n<figure data-wp-context=\"{&quot;imageId&quot;:&quot;69f23a5b51521&quot;}\" data-wp-interactive=\"core\/image\" data-wp-key=\"69f23a5b51521\" class=\"wp-block-image size-large wp-lightbox-container\"><img loading=\"lazy\" decoding=\"async\" width=\"1024\" height=\"576\" data-wp-class--hide=\"state.isContentHidden\" data-wp-class--show=\"state.isContentVisible\" data-wp-init=\"callbacks.setButtonStyles\" data-wp-on--click=\"actions.showLightbox\" data-wp-on--load=\"callbacks.setButtonStyles\" data-wp-on-window--resize=\"callbacks.setButtonStyles\" data-id=\"1274\" src=\"https:\/\/www.siimet.fi\/wp-content\/uploads\/2024\/11\/siimet-yritys-1024x576.jpg\" alt=\"Reservdelar f\u00f6r pallar\" class=\"wp-image-1274\" srcset=\"https:\/\/www.siimet.fi\/wp-content\/uploads\/2024\/11\/siimet-yritys-1024x576.jpg 1024w, https:\/\/www.siimet.fi\/wp-content\/uploads\/2024\/11\/siimet-yritys-600x338.jpg 600w, https:\/\/www.siimet.fi\/wp-content\/uploads\/2024\/11\/siimet-yritys-300x169.jpg 300w, https:\/\/www.siimet.fi\/wp-content\/uploads\/2024\/11\/siimet-yritys-768x432.jpg 768w, https:\/\/www.siimet.fi\/wp-content\/uploads\/2024\/11\/siimet-yritys-1536x864.jpg 1536w, https:\/\/www.siimet.fi\/wp-content\/uploads\/2024\/11\/siimet-yritys.jpg 1920w\" sizes=\"auto, (max-width: 1024px) 100vw, 1024px\" \/><button\n\t\t\tclass=\"lightbox-trigger\"\n\t\t\ttype=\"button\"\n\t\t\taria-haspopup=\"dialog\"\n\t\t\taria-label=\"F\u00f6rstora\"\n\t\t\tdata-wp-init=\"callbacks.initTriggerButton\"\n\t\t\tdata-wp-on--click=\"actions.showLightbox\"\n\t\t\tdata-wp-style--right=\"state.imageButtonRight\"\n\t\t\tdata-wp-style--top=\"state.imageButtonTop\"\n\t\t>\n\t\t\t<svg xmlns=\"http:\/\/www.w3.org\/2000\/svg\" width=\"12\" height=\"12\" fill=\"none\" viewbox=\"0 0 12 12\">\n\t\t\t\t<path fill=\"#fff\" d=\"M2 0a2 2 0 0 0-2 2v2h1.5V2a.5.5 0 0 1 .5-.5h2V0H2Zm2 10.5H2a.5.5 0 0 1-.5-.5V8H0v2a2 2 0 0 0 2 2h2v-1.5ZM8 12v-1.5h2a.5.5 0 0 0 .5-.5V8H12v2a2 2 0 0 1-2 2H8Zm2-12a2 2 0 0 1 2 2v2h-1.5V2a.5.5 0 0 0-.5-.5H8V0h2Z\" \/>\n\t\t\t<\/svg>\n\t\t<\/button><\/figure>\n<\/figure>\n<\/div>\n\n\n\n<p><\/p>","protected":false},"excerpt":{"rendered":"<p>Siimet Oy Aff\u00e4rsutveckling i projektet Siimet next step Varaktighet 03\/2023 - 12\/2025 Projektbeskrivning Under projektet \u00e4r Siimet Oy:s m\u00e5l att \u00f6ka sin nyproduktions- och eftermarknadsverksamhet till n\u00e4sta niv\u00e5 och m\u00f6jligg\u00f6ra en h\u00f6gre exportandel i sin verksamhet. F\u00f6r att uppn\u00e5 dessa m\u00e5l kr\u00e4vs investeringar i automation och produktionsutveckling. Projektsiffror i sammandrag Total budget: 2 000 000 \u20ac EU-finansiering: 871 000 \u20ac Deltagare i projektet och utvecklingen<\/p>","protected":false},"author":1,"featured_media":0,"parent":0,"menu_order":0,"comment_status":"closed","ping_status":"closed","template":"","meta":{"inline_featured_image":false,"footnotes":""},"class_list":["post-1923","page","type-page","status-publish","hentry"],"yoast_head":"<!-- This site is optimized with the Yoast SEO plugin v27.3 - https:\/\/yoast.com\/product\/yoast-seo-wordpress\/ -->\n<title>Siimet Oy - NEXT STEP<\/title>\n<meta name=\"description\" content=\"Siimet NEXT STEP -hanke yritystoiminnan kehitt\u00e4miseen.\" \/>\n<meta name=\"robots\" content=\"index, follow, max-snippet:-1, max-image-preview:large, max-video-preview:-1\" \/>\n<link rel=\"canonical\" href=\"https:\/\/www.siimet.fi\/sv\/siimet-nasta-steg-projekt\/\" \/>\n<meta property=\"og:locale\" content=\"sv_SE\" \/>\n<meta property=\"og:type\" content=\"article\" \/>\n<meta property=\"og:title\" content=\"Siimet Oy - NEXT STEP\" \/>\n<meta property=\"og:description\" content=\"Siimet NEXT STEP -hanke yritystoiminnan kehitt\u00e4miseen.\" \/>\n<meta property=\"og:url\" content=\"https:\/\/www.siimet.fi\/sv\/siimet-nasta-steg-projekt\/\" \/>\n<meta property=\"og:site_name\" content=\"Siimet\" \/>\n<meta property=\"article:publisher\" content=\"https:\/\/www.facebook.com\/siimetoy\" \/>\n<meta property=\"article:modified_time\" content=\"2025-11-06T11:47:24+00:00\" \/>\n<meta property=\"og:image\" content=\"https:\/\/www.siimet.fi\/wp-content\/uploads\/2025\/11\/siimet-next-step-edited-1.jpg\" \/>\n\t<meta property=\"og:image:width\" content=\"2048\" \/>\n\t<meta property=\"og:image:height\" content=\"1152\" \/>\n\t<meta property=\"og:image:type\" content=\"image\/jpeg\" \/>\n<meta name=\"twitter:card\" content=\"summary_large_image\" \/>\n<meta name=\"twitter:label1\" content=\"Ber\u00e4knad l\u00e4stid\" \/>\n\t<meta name=\"twitter:data1\" content=\"2 minuter\" \/>\n<script type=\"application\/ld+json\" class=\"yoast-schema-graph\">{\"@context\":\"https:\\\/\\\/schema.org\",\"@graph\":[{\"@type\":\"WebPage\",\"@id\":\"https:\\\/\\\/www.siimet.fi\\\/siimet-next-step-hanke\\\/\",\"url\":\"https:\\\/\\\/www.siimet.fi\\\/siimet-next-step-hanke\\\/\",\"name\":\"Siimet Oy - NEXT STEP\",\"isPartOf\":{\"@id\":\"https:\\\/\\\/www.siimet.fi\\\/#website\"},\"primaryImageOfPage\":{\"@id\":\"https:\\\/\\\/www.siimet.fi\\\/siimet-next-step-hanke\\\/#primaryimage\"},\"image\":{\"@id\":\"https:\\\/\\\/www.siimet.fi\\\/siimet-next-step-hanke\\\/#primaryimage\"},\"thumbnailUrl\":\"https:\\\/\\\/www.siimet.fi\\\/wp-content\\\/uploads\\\/2025\\\/11\\\/siimet-next-step-edited-1.jpg\",\"datePublished\":\"2025-11-06T11:31:16+00:00\",\"dateModified\":\"2025-11-06T11:47:24+00:00\",\"description\":\"Siimet NEXT STEP -hanke yritystoiminnan kehitt\u00e4miseen.\",\"breadcrumb\":{\"@id\":\"https:\\\/\\\/www.siimet.fi\\\/siimet-next-step-hanke\\\/#breadcrumb\"},\"inLanguage\":\"sv-SE\",\"potentialAction\":[{\"@type\":\"ReadAction\",\"target\":[\"https:\\\/\\\/www.siimet.fi\\\/siimet-next-step-hanke\\\/\"]}]},{\"@type\":\"ImageObject\",\"inLanguage\":\"sv-SE\",\"@id\":\"https:\\\/\\\/www.siimet.fi\\\/siimet-next-step-hanke\\\/#primaryimage\",\"url\":\"https:\\\/\\\/www.siimet.fi\\\/wp-content\\\/uploads\\\/2025\\\/11\\\/siimet-next-step-edited-1.jpg\",\"contentUrl\":\"https:\\\/\\\/www.siimet.fi\\\/wp-content\\\/uploads\\\/2025\\\/11\\\/siimet-next-step-edited-1.jpg\"},{\"@type\":\"BreadcrumbList\",\"@id\":\"https:\\\/\\\/www.siimet.fi\\\/siimet-next-step-hanke\\\/#breadcrumb\",\"itemListElement\":[{\"@type\":\"ListItem\",\"position\":1,\"name\":\"Etusivu\",\"item\":\"https:\\\/\\\/www.siimet.fi\\\/\"},{\"@type\":\"ListItem\",\"position\":2,\"name\":\"Siimet Next Step -hanke\"}]},{\"@type\":\"WebSite\",\"@id\":\"https:\\\/\\\/www.siimet.fi\\\/#website\",\"url\":\"https:\\\/\\\/www.siimet.fi\\\/\",\"name\":\"Siimet\",\"description\":\"Lavettien valmistus, myynti ja huolto\",\"publisher\":{\"@id\":\"https:\\\/\\\/www.siimet.fi\\\/#organization\"},\"potentialAction\":[{\"@type\":\"SearchAction\",\"target\":{\"@type\":\"EntryPoint\",\"urlTemplate\":\"https:\\\/\\\/www.siimet.fi\\\/?s={search_term_string}\"},\"query-input\":{\"@type\":\"PropertyValueSpecification\",\"valueRequired\":true,\"valueName\":\"search_term_string\"}}],\"inLanguage\":\"sv-SE\"},{\"@type\":\"Organization\",\"@id\":\"https:\\\/\\\/www.siimet.fi\\\/#organization\",\"name\":\"Siimet Oy\",\"url\":\"https:\\\/\\\/www.siimet.fi\\\/\",\"logo\":{\"@type\":\"ImageObject\",\"inLanguage\":\"sv-SE\",\"@id\":\"https:\\\/\\\/www.siimet.fi\\\/#\\\/schema\\\/logo\\\/image\\\/\",\"url\":\"https:\\\/\\\/www.siimet.fi\\\/wp-content\\\/uploads\\\/2024\\\/09\\\/siimet.svg\",\"contentUrl\":\"https:\\\/\\\/www.siimet.fi\\\/wp-content\\\/uploads\\\/2024\\\/09\\\/siimet.svg\",\"caption\":\"Siimet Oy\"},\"image\":{\"@id\":\"https:\\\/\\\/www.siimet.fi\\\/#\\\/schema\\\/logo\\\/image\\\/\"},\"sameAs\":[\"https:\\\/\\\/www.facebook.com\\\/siimetoy\",\"https:\\\/\\\/www.linkedin.com\\\/company\\\/siimet-oy\\\/\"]}]}<\/script>\n<!-- \/ Yoast SEO plugin. -->","yoast_head_json":{"title":"Siimet Oy - N\u00c4STA STEG","description":"Siimet NEXT STEP-projekt f\u00f6r aff\u00e4rsutveckling.","robots":{"index":"index","follow":"follow","max-snippet":"max-snippet:-1","max-image-preview":"max-image-preview:large","max-video-preview":"max-video-preview:-1"},"canonical":"https:\/\/www.siimet.fi\/sv\/siimet-nasta-steg-projekt\/","og_locale":"sv_SE","og_type":"article","og_title":"Siimet Oy - NEXT STEP","og_description":"Siimet NEXT STEP -hanke yritystoiminnan kehitt\u00e4miseen.","og_url":"https:\/\/www.siimet.fi\/sv\/siimet-nasta-steg-projekt\/","og_site_name":"Siimet","article_publisher":"https:\/\/www.facebook.com\/siimetoy","article_modified_time":"2025-11-06T11:47:24+00:00","og_image":[{"width":2048,"height":1152,"url":"https:\/\/www.siimet.fi\/wp-content\/uploads\/2025\/11\/siimet-next-step-edited-1.jpg","type":"image\/jpeg"}],"twitter_card":"summary_large_image","twitter_misc":{"Ber\u00e4knad l\u00e4stid":"2 minuter"},"schema":{"@context":"https:\/\/schema.org","@graph":[{"@type":"WebPage","@id":"https:\/\/www.siimet.fi\/siimet-next-step-hanke\/","url":"https:\/\/www.siimet.fi\/siimet-next-step-hanke\/","name":"Siimet Oy - N\u00c4STA STEG","isPartOf":{"@id":"https:\/\/www.siimet.fi\/#website"},"primaryImageOfPage":{"@id":"https:\/\/www.siimet.fi\/siimet-next-step-hanke\/#primaryimage"},"image":{"@id":"https:\/\/www.siimet.fi\/siimet-next-step-hanke\/#primaryimage"},"thumbnailUrl":"https:\/\/www.siimet.fi\/wp-content\/uploads\/2025\/11\/siimet-next-step-edited-1.jpg","datePublished":"2025-11-06T11:31:16+00:00","dateModified":"2025-11-06T11:47:24+00:00","description":"Siimet NEXT STEP-projekt f\u00f6r aff\u00e4rsutveckling.","breadcrumb":{"@id":"https:\/\/www.siimet.fi\/siimet-next-step-hanke\/#breadcrumb"},"inLanguage":"sv-SE","potentialAction":[{"@type":"ReadAction","target":["https:\/\/www.siimet.fi\/siimet-next-step-hanke\/"]}]},{"@type":"ImageObject","inLanguage":"sv-SE","@id":"https:\/\/www.siimet.fi\/siimet-next-step-hanke\/#primaryimage","url":"https:\/\/www.siimet.fi\/wp-content\/uploads\/2025\/11\/siimet-next-step-edited-1.jpg","contentUrl":"https:\/\/www.siimet.fi\/wp-content\/uploads\/2025\/11\/siimet-next-step-edited-1.jpg"},{"@type":"BreadcrumbList","@id":"https:\/\/www.siimet.fi\/siimet-next-step-hanke\/#breadcrumb","itemListElement":[{"@type":"ListItem","position":1,"name":"Etusivu","item":"https:\/\/www.siimet.fi\/"},{"@type":"ListItem","position":2,"name":"Siimet Next Step -hanke"}]},{"@type":"WebSite","@id":"https:\/\/www.siimet.fi\/#website","url":"https:\/\/www.siimet.fi\/","name":"Siimet","description":"Tillverkning, f\u00f6rs\u00e4ljning och underh\u00e5ll av lastpallar","publisher":{"@id":"https:\/\/www.siimet.fi\/#organization"},"potentialAction":[{"@type":"SearchAction","target":{"@type":"EntryPoint","urlTemplate":"https:\/\/www.siimet.fi\/?s={search_term_string}"},"query-input":{"@type":"PropertyValueSpecification","valueRequired":true,"valueName":"search_term_string"}}],"inLanguage":"sv-SE"},{"@type":"Organization","@id":"https:\/\/www.siimet.fi\/#organization","name":"Siimet OY","url":"https:\/\/www.siimet.fi\/","logo":{"@type":"ImageObject","inLanguage":"sv-SE","@id":"https:\/\/www.siimet.fi\/#\/schema\/logo\/image\/","url":"https:\/\/www.siimet.fi\/wp-content\/uploads\/2024\/09\/siimet.svg","contentUrl":"https:\/\/www.siimet.fi\/wp-content\/uploads\/2024\/09\/siimet.svg","caption":"Siimet Oy"},"image":{"@id":"https:\/\/www.siimet.fi\/#\/schema\/logo\/image\/"},"sameAs":["https:\/\/www.facebook.com\/siimetoy","https:\/\/www.linkedin.com\/company\/siimet-oy\/"]}]}},"_links":{"self":[{"href":"https:\/\/www.siimet.fi\/sv\/wp-json\/wp\/v2\/pages\/1923","targetHints":{"allow":["GET"]}}],"collection":[{"href":"https:\/\/www.siimet.fi\/sv\/wp-json\/wp\/v2\/pages"}],"about":[{"href":"https:\/\/www.siimet.fi\/sv\/wp-json\/wp\/v2\/types\/page"}],"author":[{"embeddable":true,"href":"https:\/\/www.siimet.fi\/sv\/wp-json\/wp\/v2\/users\/1"}],"replies":[{"embeddable":true,"href":"https:\/\/www.siimet.fi\/sv\/wp-json\/wp\/v2\/comments?post=1923"}],"version-history":[{"count":5,"href":"https:\/\/www.siimet.fi\/sv\/wp-json\/wp\/v2\/pages\/1923\/revisions"}],"predecessor-version":[{"id":1932,"href":"https:\/\/www.siimet.fi\/sv\/wp-json\/wp\/v2\/pages\/1923\/revisions\/1932"}],"wp:attachment":[{"href":"https:\/\/www.siimet.fi\/sv\/wp-json\/wp\/v2\/media?parent=1923"}],"curies":[{"name":"wp","href":"https:\/\/api.w.org\/{rel}","templated":true}]}}