{"id":1430,"date":"2025-06-03T13:41:30","date_gmt":"2025-06-03T11:41:30","guid":{"rendered":"https:\/\/www.siimet.fi\/?page_id=1430"},"modified":"2025-11-24T15:34:45","modified_gmt":"2025-11-24T13:34:45","slug":"lyftbord","status":"publish","type":"page","link":"https:\/\/www.siimet.fi\/sv\/tuotteet\/siimet-nousupoyta\/","title":{"rendered":"Siimet lyftbord"},"content":{"rendered":"<div class=\"wp-block-group alignfull has-color-1-background-color has-background has-global-padding is-layout-constrained wp-container-core-group-is-layout-201a1795 wp-block-group-is-layout-constrained\" style=\"padding-top:0px;padding-right:0px;padding-bottom:0px;padding-left:0px\">\n<div class=\"wp-block-cover alignfull has-parallax is-style-default wp-duotone-unset-2\" style=\"padding-top:var(--wp--preset--spacing--normal);padding-right:var(--wp--preset--spacing--normal);padding-bottom:var(--wp--preset--spacing--normal);padding-left:var(--wp--preset--spacing--normal);min-height:825px;aspect-ratio:unset;\"><div role=\"img\" aria-label=\"Siimet lyftbord\" class=\"wp-block-cover__image-background wp-image-1481 size-large has-parallax\" style=\"background-position:50% 50%;background-image:url(https:\/\/www.siimet.fi\/wp-content\/uploads\/2025\/06\/siimet-nousupoyta-1024x576.jpg)\"><\/div><span aria-hidden=\"true\" class=\"wp-block-cover__background has-color-4-background-color has-background-dim-70 has-background-dim\"><\/span><div class=\"wp-block-cover__inner-container has-global-padding is-layout-constrained wp-container-core-cover-is-layout-0b798fb3 wp-block-cover-is-layout-constrained\">\n<div class=\"wp-block-columns are-vertically-aligned-center is-layout-flex wp-container-core-columns-is-layout-28f84493 wp-block-columns-is-layout-flex\">\n<div class=\"wp-block-column is-vertically-aligned-center is-layout-flow wp-block-column-is-layout-flow\">\n<figure class=\"wp-block-image size-large is-resized\"><img decoding=\"async\" src=\"https:\/\/www.siimet.fi\/wp-content\/uploads\/2024\/09\/siimetlavetit.svg\" alt=\"\" class=\"wp-image-519\" style=\"width:200px\"\/><\/figure>\n\n\n\n<div class=\"wp-block-getwid-advanced-heading has-custom-font-size fs-mobile-50\" style=\"font-size:60px\"><span class=\"wp-block-getwid-advanced-heading__content\" style=\"font-weight:600;text-transform:uppercase;line-height:1em\">Lyftbord f\u00f6r kr\u00e4vande behov<\/span><\/div>\n\n\n\n<p>Siimet tillverkar lyftbord f\u00f6r de kr\u00e4vande behoven f\u00f6r tung utrustning \u2013 p\u00e5litlighet, kraft och funktion f\u00f6r proffs.<\/p>\n\n\n\n<p>Vi konstruerar och tillverkar dragbilars lyftbord individuellt \u2013 s\u00e5v\u00e4l nyinstallationer som uppgraderingar. Anv\u00e4ndarv\u00e4nlighet, snabb funktion och en l\u00e5ng livsl\u00e4ngd \u00e4r standard f\u00f6r oss. Vare sig det \u00e4r ett glidbord eller en fix l\u00f6sning s\u00e5 s\u00e4kerst\u00e4ller vi en p\u00e5litlig funktion \u00e4ven vid tuff anv\u00e4ndning.<\/p>\n\n\n\n<div class=\"wp-block-buttons is-layout-flex wp-block-buttons-is-layout-flex\" style=\"margin-top:var(--wp--preset--spacing--large)\">\n<div class=\"wp-block-button\"><a class=\"wp-block-button__link wp-element-button\" href=\"#toteutukset\">Exempel<\/a><\/div>\n\n\n\n<div class=\"wp-block-button is-style-outline is-style-outline--1\"><a class=\"wp-block-button__link has-color-9-color has-text-color has-link-color wp-element-button\" href=\"tel:+358443216129\">Reservdelar: <strong>+<\/strong>358 <strong>44 321 6129<\/strong><\/a><\/div>\n<\/div>\n<\/div>\n\n\n\n<div class=\"wp-block-column is-vertically-aligned-center is-layout-flow wp-block-column-is-layout-flow\">\n<figure class=\"wp-block-image size-full has-custom-border is-style-default\"><img loading=\"lazy\" decoding=\"async\" width=\"900\" height=\"1200\" src=\"https:\/\/www.siimet.fi\/wp-content\/uploads\/2025\/06\/siimet-nousupoydat.jpg\" alt=\"Siimet lyftbord\" class=\"wp-image-1490\" style=\"border-style:none;border-width:0px;border-radius:0px;aspect-ratio:1;object-fit:cover\" srcset=\"https:\/\/www.siimet.fi\/wp-content\/uploads\/2025\/06\/siimet-nousupoydat.jpg 900w, https:\/\/www.siimet.fi\/wp-content\/uploads\/2025\/06\/siimet-nousupoydat-225x300.jpg 225w, https:\/\/www.siimet.fi\/wp-content\/uploads\/2025\/06\/siimet-nousupoydat-768x1024.jpg 768w\" sizes=\"auto, (max-width: 900px) 100vw, 900px\" \/><\/figure>\n<\/div>\n<\/div>\n<\/div><\/div>\n<\/div>\n\n\n\n<div class=\"wp-block-group alignfull has-global-padding is-layout-constrained wp-container-core-group-is-layout-87f961f7 wp-block-group-is-layout-constrained has-background\" style=\"margin-top:0;margin-bottom:0;padding-top:90px;padding-right:var(--wp--preset--spacing--normal);padding-bottom:0px;padding-left:var(--wp--preset--spacing--normal);background-position:50% 0;\">\n<div class=\"wp-block-columns alignwide are-vertically-aligned-center is-layout-flex wp-container-core-columns-is-layout-9f25c019 wp-block-columns-is-layout-flex\">\n<div class=\"wp-block-column is-vertically-aligned-center is-layout-flow wp-block-column-is-layout-flow\">\n<figure class=\"wp-block-image size-full has-custom-border is-style-default\"><img loading=\"lazy\" decoding=\"async\" width=\"900\" height=\"1200\" src=\"https:\/\/www.siimet.fi\/wp-content\/uploads\/2025\/09\/nousupoyta-punainen-siimet.jpg\" alt=\"Siimet lyftbord\" class=\"wp-image-1911\" style=\"border-style:none;border-width:0px;border-radius:0px;aspect-ratio:3\/4;object-fit:cover\" srcset=\"https:\/\/www.siimet.fi\/wp-content\/uploads\/2025\/09\/nousupoyta-punainen-siimet.jpg 900w, https:\/\/www.siimet.fi\/wp-content\/uploads\/2025\/09\/nousupoyta-punainen-siimet-225x300.jpg 225w, https:\/\/www.siimet.fi\/wp-content\/uploads\/2025\/09\/nousupoyta-punainen-siimet-768x1024.jpg 768w, https:\/\/www.siimet.fi\/wp-content\/uploads\/2025\/09\/nousupoyta-punainen-siimet-9x12.jpg 9w\" sizes=\"auto, (max-width: 900px) 100vw, 900px\" \/><\/figure>\n<\/div>\n\n\n\n<div class=\"wp-block-column is-vertically-aligned-center is-layout-flow wp-container-core-column-is-layout-360d14ef wp-block-column-is-layout-flow\">\n<h2 class=\"wp-block-heading has-huge-font-size\">Siimet lyftbord<\/h2>\n\n\n\n<p>Lyftbordets hydraulik ger en smidig och p\u00e5litlig styrning av bordet och olika till\u00e4ggsfunktioner. I konstruktionen koncenteras det p\u00e5 effektivitet och h\u00e5llbarhet, s\u00e5 att de fungerar i yrkesbruk och i varierande f\u00f6rh\u00e5llanden.<\/p>\n\n\n\n<p>Funktionss\u00e4kerheten ges av D- och U-v\u00e4rdena, som vittnar om systemets h\u00e5llfasthet och b\u00e4rkraft. Dessutom, med glidande eller fixt dragbord, f\u00e5s en flexibel integration med olika dragfordon och anv\u00e4ndningsomr\u00e5den. <\/p>\n\n\n\n<h3 class=\"wp-block-heading translation-block\">Tekniska data f\u00f6r lyftbord:<\/h3>\n\n\n\n<ul style=\"border-style:none;border-width:0px\" class=\"wp-block-list has-medium-font-size\">\n<li><strong>D-v\u00e4rde:<\/strong><br>300 kN<\/li>\n\n\n\n<li><strong>U-v\u00e4rde:<\/strong><br>50 ton<\/li>\n\n\n\n<li><strong>Montering:<\/strong><br>Glidbord eller fix position<\/li>\n\n\n\n<li><strong>Hydraulik:<\/strong><br>1- eller 2-v\u00e4gs hydraulcylindrar, pump, tank och filter, anting befintliga p\u00e5 fordonet eller som l\u00f6sa delar<\/li>\n<\/ul>\n<\/div>\n<\/div>\n<\/div>\n\n\n\n<div class=\"wp-block-group alignwide has-color-1-background-color has-background is-layout-flow wp-block-group-is-layout-flow\" style=\"border-radius:8px;margin-top:60px;padding-top:40px;padding-right:40px;padding-bottom:40px;padding-left:40px\">\n<div class=\"wp-block-group is-content-justification-space-between is-layout-flex wp-container-core-group-is-layout-9366075c wp-block-group-is-layout-flex\">\n<h2 class=\"wp-block-heading has-color-4-color has-text-color has-link-color wp-elements-878007de740514f5f28d3f01471fc9f7 wp-container-content-02152353\" id=\"toteutukset\" style=\"font-size:clamp(28.836px, 1.802rem + ((1vw - 3.2px) * 2.52), 50px);text-transform:uppercase\">Implementering<\/h2>\n\n\n\n<div class=\"wp-block-buttons is-content-justification-right is-layout-flex wp-container-core-buttons-is-layout-d445cf74 wp-block-buttons-is-layout-flex\">\n<div class=\"wp-block-button is-style-outline is-style-outline--3\"><a class=\"wp-block-button__link has-color-4-color has-text-color has-link-color wp-element-button\" href=\"https:\/\/www.siimet.fi\/sv\/kontakt\/\">Kontakta f\u00f6rs\u00e4ljning<\/a><\/div>\n<\/div>\n<\/div>\n<\/div>\n\n\n\n<figure class=\"wp-block-gallery alignwide has-nested-images columns-2 wp-block-gallery-4 is-layout-flex wp-block-gallery-is-layout-flex\">\n<figure data-wp-context=\"{&quot;imageId&quot;:&quot;69e257055cf96&quot;}\" data-wp-interactive=\"core\/image\" data-wp-key=\"69e257055cf96\" class=\"wp-block-image size-large wp-lightbox-container\"><img loading=\"lazy\" decoding=\"async\" width=\"1024\" height=\"768\" data-wp-class--hide=\"state.isContentHidden\" data-wp-class--show=\"state.isContentVisible\" data-wp-init=\"callbacks.setButtonStyles\" data-wp-on--click=\"actions.showLightbox\" data-wp-on--load=\"callbacks.setButtonStyles\" data-wp-on-window--resize=\"callbacks.setButtonStyles\" data-id=\"1494\" src=\"https:\/\/www.siimet.fi\/wp-content\/uploads\/2025\/06\/nousupoyta-volvo-1024x768.jpg\" alt=\"Siimet lyftbord\" class=\"wp-image-1494\" srcset=\"https:\/\/www.siimet.fi\/wp-content\/uploads\/2025\/06\/nousupoyta-volvo-1024x768.jpg 1024w, https:\/\/www.siimet.fi\/wp-content\/uploads\/2025\/06\/nousupoyta-volvo-300x225.jpg 300w, https:\/\/www.siimet.fi\/wp-content\/uploads\/2025\/06\/nousupoyta-volvo-768x576.jpg 768w, https:\/\/www.siimet.fi\/wp-content\/uploads\/2025\/06\/nousupoyta-volvo.jpg 1200w\" sizes=\"auto, (max-width: 1024px) 100vw, 1024px\" \/><button\n\t\t\tclass=\"lightbox-trigger\"\n\t\t\ttype=\"button\"\n\t\t\taria-haspopup=\"dialog\"\n\t\t\taria-label=\"F\u00f6rstora\"\n\t\t\tdata-wp-init=\"callbacks.initTriggerButton\"\n\t\t\tdata-wp-on--click=\"actions.showLightbox\"\n\t\t\tdata-wp-style--right=\"state.imageButtonRight\"\n\t\t\tdata-wp-style--top=\"state.imageButtonTop\"\n\t\t>\n\t\t\t<svg xmlns=\"http:\/\/www.w3.org\/2000\/svg\" width=\"12\" height=\"12\" fill=\"none\" viewbox=\"0 0 12 12\">\n\t\t\t\t<path fill=\"#fff\" d=\"M2 0a2 2 0 0 0-2 2v2h1.5V2a.5.5 0 0 1 .5-.5h2V0H2Zm2 10.5H2a.5.5 0 0 1-.5-.5V8H0v2a2 2 0 0 0 2 2h2v-1.5ZM8 12v-1.5h2a.5.5 0 0 0 .5-.5V8H12v2a2 2 0 0 1-2 2H8Zm2-12a2 2 0 0 1 2 2v2h-1.5V2a.5.5 0 0 0-.5-.5H8V0h2Z\" \/>\n\t\t\t<\/svg>\n\t\t<\/button><\/figure>\n\n\n\n<figure data-wp-context=\"{&quot;imageId&quot;:&quot;69e257055d3ac&quot;}\" data-wp-interactive=\"core\/image\" data-wp-key=\"69e257055d3ac\" class=\"wp-block-image size-large wp-lightbox-container\"><img loading=\"lazy\" decoding=\"async\" width=\"1024\" height=\"768\" data-wp-class--hide=\"state.isContentHidden\" data-wp-class--show=\"state.isContentVisible\" data-wp-init=\"callbacks.setButtonStyles\" data-wp-on--click=\"actions.showLightbox\" data-wp-on--load=\"callbacks.setButtonStyles\" data-wp-on-window--resize=\"callbacks.setButtonStyles\" data-id=\"1914\" src=\"https:\/\/www.siimet.fi\/wp-content\/uploads\/2025\/09\/nousupoyta-1024x768.jpg\" alt=\"Lyftbord - Kryddor utrustning\" class=\"wp-image-1914\" srcset=\"https:\/\/www.siimet.fi\/wp-content\/uploads\/2025\/09\/nousupoyta-1024x768.jpg 1024w, https:\/\/www.siimet.fi\/wp-content\/uploads\/2025\/09\/nousupoyta-300x225.jpg 300w, https:\/\/www.siimet.fi\/wp-content\/uploads\/2025\/09\/nousupoyta-768x576.jpg 768w, https:\/\/www.siimet.fi\/wp-content\/uploads\/2025\/09\/nousupoyta-16x12.jpg 16w, https:\/\/www.siimet.fi\/wp-content\/uploads\/2025\/09\/nousupoyta.jpg 1200w\" sizes=\"auto, (max-width: 1024px) 100vw, 1024px\" \/><button\n\t\t\tclass=\"lightbox-trigger\"\n\t\t\ttype=\"button\"\n\t\t\taria-haspopup=\"dialog\"\n\t\t\taria-label=\"F\u00f6rstora\"\n\t\t\tdata-wp-init=\"callbacks.initTriggerButton\"\n\t\t\tdata-wp-on--click=\"actions.showLightbox\"\n\t\t\tdata-wp-style--right=\"state.imageButtonRight\"\n\t\t\tdata-wp-style--top=\"state.imageButtonTop\"\n\t\t>\n\t\t\t<svg xmlns=\"http:\/\/www.w3.org\/2000\/svg\" width=\"12\" height=\"12\" fill=\"none\" viewbox=\"0 0 12 12\">\n\t\t\t\t<path fill=\"#fff\" d=\"M2 0a2 2 0 0 0-2 2v2h1.5V2a.5.5 0 0 1 .5-.5h2V0H2Zm2 10.5H2a.5.5 0 0 1-.5-.5V8H0v2a2 2 0 0 0 2 2h2v-1.5ZM8 12v-1.5h2a.5.5 0 0 0 .5-.5V8H12v2a2 2 0 0 1-2 2H8Zm2-12a2 2 0 0 1 2 2v2h-1.5V2a.5.5 0 0 0-.5-.5H8V0h2Z\" \/>\n\t\t\t<\/svg>\n\t\t<\/button><\/figure>\n\n\n\n<figure data-wp-context=\"{&quot;imageId&quot;:&quot;69e257055d74a&quot;}\" data-wp-interactive=\"core\/image\" data-wp-key=\"69e257055d74a\" class=\"wp-block-image size-large wp-lightbox-container\"><img loading=\"lazy\" decoding=\"async\" width=\"1024\" height=\"768\" data-wp-class--hide=\"state.isContentHidden\" data-wp-class--show=\"state.isContentVisible\" data-wp-init=\"callbacks.setButtonStyles\" data-wp-on--click=\"actions.showLightbox\" data-wp-on--load=\"callbacks.setButtonStyles\" data-wp-on-window--resize=\"callbacks.setButtonStyles\" data-id=\"1500\" src=\"https:\/\/www.siimet.fi\/wp-content\/uploads\/2025\/06\/nousupoydat-siimet-1024x768.jpg\" alt=\"Stigbyglar av siden\" class=\"wp-image-1500\" srcset=\"https:\/\/www.siimet.fi\/wp-content\/uploads\/2025\/06\/nousupoydat-siimet-1024x768.jpg 1024w, https:\/\/www.siimet.fi\/wp-content\/uploads\/2025\/06\/nousupoydat-siimet-300x225.jpg 300w, https:\/\/www.siimet.fi\/wp-content\/uploads\/2025\/06\/nousupoydat-siimet-768x576.jpg 768w, https:\/\/www.siimet.fi\/wp-content\/uploads\/2025\/06\/nousupoydat-siimet.jpg 1200w\" sizes=\"auto, (max-width: 1024px) 100vw, 1024px\" \/><button\n\t\t\tclass=\"lightbox-trigger\"\n\t\t\ttype=\"button\"\n\t\t\taria-haspopup=\"dialog\"\n\t\t\taria-label=\"F\u00f6rstora\"\n\t\t\tdata-wp-init=\"callbacks.initTriggerButton\"\n\t\t\tdata-wp-on--click=\"actions.showLightbox\"\n\t\t\tdata-wp-style--right=\"state.imageButtonRight\"\n\t\t\tdata-wp-style--top=\"state.imageButtonTop\"\n\t\t>\n\t\t\t<svg xmlns=\"http:\/\/www.w3.org\/2000\/svg\" width=\"12\" height=\"12\" fill=\"none\" viewbox=\"0 0 12 12\">\n\t\t\t\t<path fill=\"#fff\" d=\"M2 0a2 2 0 0 0-2 2v2h1.5V2a.5.5 0 0 1 .5-.5h2V0H2Zm2 10.5H2a.5.5 0 0 1-.5-.5V8H0v2a2 2 0 0 0 2 2h2v-1.5ZM8 12v-1.5h2a.5.5 0 0 0 .5-.5V8H12v2a2 2 0 0 1-2 2H8Zm2-12a2 2 0 0 1 2 2v2h-1.5V2a.5.5 0 0 0-.5-.5H8V0h2Z\" \/>\n\t\t\t<\/svg>\n\t\t<\/button><\/figure>\n\n\n\n<figure data-wp-context=\"{&quot;imageId&quot;:&quot;69e257055dada&quot;}\" data-wp-interactive=\"core\/image\" data-wp-key=\"69e257055dada\" class=\"wp-block-image size-large wp-lightbox-container\"><img loading=\"lazy\" decoding=\"async\" width=\"1024\" height=\"768\" data-wp-class--hide=\"state.isContentHidden\" data-wp-class--show=\"state.isContentVisible\" data-wp-init=\"callbacks.setButtonStyles\" data-wp-on--click=\"actions.showLightbox\" data-wp-on--load=\"callbacks.setButtonStyles\" data-wp-on-window--resize=\"callbacks.setButtonStyles\" data-id=\"1502\" src=\"https:\/\/www.siimet.fi\/wp-content\/uploads\/2025\/06\/nousupoyta-siimet-varustelee-1024x768.jpg\" alt=\"St\u00e5ende bord - Tillverkat av Siimet\" class=\"wp-image-1502\" srcset=\"https:\/\/www.siimet.fi\/wp-content\/uploads\/2025\/06\/nousupoyta-siimet-varustelee-1024x768.jpg 1024w, https:\/\/www.siimet.fi\/wp-content\/uploads\/2025\/06\/nousupoyta-siimet-varustelee-300x225.jpg 300w, https:\/\/www.siimet.fi\/wp-content\/uploads\/2025\/06\/nousupoyta-siimet-varustelee-768x576.jpg 768w, https:\/\/www.siimet.fi\/wp-content\/uploads\/2025\/06\/nousupoyta-siimet-varustelee.jpg 1200w\" sizes=\"auto, (max-width: 1024px) 100vw, 1024px\" \/><button\n\t\t\tclass=\"lightbox-trigger\"\n\t\t\ttype=\"button\"\n\t\t\taria-haspopup=\"dialog\"\n\t\t\taria-label=\"F\u00f6rstora\"\n\t\t\tdata-wp-init=\"callbacks.initTriggerButton\"\n\t\t\tdata-wp-on--click=\"actions.showLightbox\"\n\t\t\tdata-wp-style--right=\"state.imageButtonRight\"\n\t\t\tdata-wp-style--top=\"state.imageButtonTop\"\n\t\t>\n\t\t\t<svg xmlns=\"http:\/\/www.w3.org\/2000\/svg\" width=\"12\" height=\"12\" fill=\"none\" viewbox=\"0 0 12 12\">\n\t\t\t\t<path fill=\"#fff\" d=\"M2 0a2 2 0 0 0-2 2v2h1.5V2a.5.5 0 0 1 .5-.5h2V0H2Zm2 10.5H2a.5.5 0 0 1-.5-.5V8H0v2a2 2 0 0 0 2 2h2v-1.5ZM8 12v-1.5h2a.5.5 0 0 0 .5-.5V8H12v2a2 2 0 0 1-2 2H8Zm2-12a2 2 0 0 1 2 2v2h-1.5V2a.5.5 0 0 0-.5-.5H8V0h2Z\" \/>\n\t\t\t<\/svg>\n\t\t<\/button><\/figure>\n<\/figure>","protected":false},"excerpt":{"rendered":"<p>Siimet nousup\u00f6yt\u00e4 Nousup\u00f6yd\u00e4n hydrauliikka mahdollistaa p\u00f6yd\u00e4n k\u00e4yt\u00f6n sek\u00e4 erilaisten lis\u00e4laitteiden ohjauksen sujuvasti ja luotettavasti. J\u00e4rjestelmien suunnittelussa painotetaan tehokkuutta ja kest\u00e4vyytt\u00e4, jotta ne toimivat luotettavasti my\u00f6s raskaassa ammattik\u00e4yt\u00f6ss\u00e4 ja vaihtelevissa olosuhteissa. K\u00e4ytt\u00f6varmuuden varmistavat asianmukaisesti mitoitettu D-arvo ja U-arvo, jotka kertovat vetolaiteyhdistelm\u00e4n kest\u00e4vyydest\u00e4 ja kantokyvyst\u00e4. Lis\u00e4ksi asennusvaihtoehdot \u2013 kuten liukup\u00f6yt\u00e4 tai kiinte\u00e4 vetop\u00f6yt\u00e4 \u2013 mahdollistavat per\u00e4vaunun joustavan [&hellip;]<\/p>\n","protected":false},"author":1,"featured_media":0,"parent":368,"menu_order":0,"comment_status":"closed","ping_status":"closed","template":"","meta":{"inline_featured_image":false,"footnotes":""},"class_list":["post-1430","page","type-page","status-publish","hentry"],"yoast_head":"<!-- This site is optimized with the Yoast SEO plugin v27.3 - https:\/\/yoast.com\/product\/yoast-seo-wordpress\/ -->\n<title>Nousup\u00f6yt\u00e4 - Siimet<\/title>\n<meta name=\"description\" content=\"Siimet nousup\u00f6yt\u00e4. Suunnittelemme ja toteutamme nousup\u00f6yd\u00e4t rekan vetoautoihin yksil\u00f6llisesti \u2013 niin uusasennuksiin kuin kalustop\u00e4ivityksiin.\" \/>\n<meta name=\"robots\" content=\"index, follow, max-snippet:-1, max-image-preview:large, max-video-preview:-1\" \/>\n<link rel=\"canonical\" href=\"https:\/\/www.siimet.fi\/sv\/produkter\/lyftbord\/\" \/>\n<meta property=\"og:locale\" content=\"sv_SE\" \/>\n<meta property=\"og:type\" content=\"article\" \/>\n<meta property=\"og:title\" content=\"Nousup\u00f6yt\u00e4 - Siimet\" \/>\n<meta property=\"og:description\" content=\"Siimet nousup\u00f6yt\u00e4. Suunnittelemme ja toteutamme nousup\u00f6yd\u00e4t rekan vetoautoihin yksil\u00f6llisesti \u2013 niin uusasennuksiin kuin kalustop\u00e4ivityksiin.\" \/>\n<meta property=\"og:url\" content=\"https:\/\/www.siimet.fi\/sv\/produkter\/lyftbord\/\" \/>\n<meta property=\"og:site_name\" content=\"Siimet\" \/>\n<meta property=\"article:publisher\" content=\"https:\/\/www.facebook.com\/siimetoy\" \/>\n<meta property=\"article:modified_time\" content=\"2025-11-24T13:34:45+00:00\" \/>\n<meta name=\"twitter:card\" content=\"summary_large_image\" \/>\n<meta name=\"twitter:label1\" content=\"Ber\u00e4knad l\u00e4stid\" \/>\n\t<meta name=\"twitter:data1\" content=\"3 minuter\" \/>\n<script type=\"application\/ld+json\" class=\"yoast-schema-graph\">{\"@context\":\"https:\\\/\\\/schema.org\",\"@graph\":[{\"@type\":\"WebPage\",\"@id\":\"https:\\\/\\\/www.siimet.fi\\\/tuotteet\\\/siimet-nousupoyta\\\/\",\"url\":\"https:\\\/\\\/www.siimet.fi\\\/tuotteet\\\/siimet-nousupoyta\\\/\",\"name\":\"Nousup\u00f6yt\u00e4 - Siimet\",\"isPartOf\":{\"@id\":\"https:\\\/\\\/www.siimet.fi\\\/#website\"},\"primaryImageOfPage\":{\"@id\":\"https:\\\/\\\/www.siimet.fi\\\/tuotteet\\\/siimet-nousupoyta\\\/#primaryimage\"},\"image\":{\"@id\":\"https:\\\/\\\/www.siimet.fi\\\/tuotteet\\\/siimet-nousupoyta\\\/#primaryimage\"},\"thumbnailUrl\":\"https:\\\/\\\/www.siimet.fi\\\/wp-content\\\/uploads\\\/2024\\\/09\\\/siimetlavetit.svg\",\"datePublished\":\"2025-06-03T11:41:30+00:00\",\"dateModified\":\"2025-11-24T13:34:45+00:00\",\"description\":\"Siimet nousup\u00f6yt\u00e4. Suunnittelemme ja toteutamme nousup\u00f6yd\u00e4t rekan vetoautoihin yksil\u00f6llisesti \u2013 niin uusasennuksiin kuin kalustop\u00e4ivityksiin.\",\"breadcrumb\":{\"@id\":\"https:\\\/\\\/www.siimet.fi\\\/tuotteet\\\/siimet-nousupoyta\\\/#breadcrumb\"},\"inLanguage\":\"sv-SE\",\"potentialAction\":[{\"@type\":\"ReadAction\",\"target\":[\"https:\\\/\\\/www.siimet.fi\\\/tuotteet\\\/siimet-nousupoyta\\\/\"]}]},{\"@type\":\"ImageObject\",\"inLanguage\":\"sv-SE\",\"@id\":\"https:\\\/\\\/www.siimet.fi\\\/tuotteet\\\/siimet-nousupoyta\\\/#primaryimage\",\"url\":\"https:\\\/\\\/www.siimet.fi\\\/wp-content\\\/uploads\\\/2024\\\/09\\\/siimetlavetit.svg\",\"contentUrl\":\"https:\\\/\\\/www.siimet.fi\\\/wp-content\\\/uploads\\\/2024\\\/09\\\/siimetlavetit.svg\"},{\"@type\":\"BreadcrumbList\",\"@id\":\"https:\\\/\\\/www.siimet.fi\\\/tuotteet\\\/siimet-nousupoyta\\\/#breadcrumb\",\"itemListElement\":[{\"@type\":\"ListItem\",\"position\":1,\"name\":\"Etusivu\",\"item\":\"https:\\\/\\\/www.siimet.fi\\\/\"},{\"@type\":\"ListItem\",\"position\":2,\"name\":\"Siimet Tuotteet\",\"item\":\"https:\\\/\\\/www.siimet.fi\\\/tuotteet\\\/\"},{\"@type\":\"ListItem\",\"position\":3,\"name\":\"Siimet nousup\u00f6yt\u00e4\"}]},{\"@type\":\"WebSite\",\"@id\":\"https:\\\/\\\/www.siimet.fi\\\/#website\",\"url\":\"https:\\\/\\\/www.siimet.fi\\\/\",\"name\":\"Siimet\",\"description\":\"Lavettien valmistus, myynti ja huolto\",\"publisher\":{\"@id\":\"https:\\\/\\\/www.siimet.fi\\\/#organization\"},\"potentialAction\":[{\"@type\":\"SearchAction\",\"target\":{\"@type\":\"EntryPoint\",\"urlTemplate\":\"https:\\\/\\\/www.siimet.fi\\\/?s={search_term_string}\"},\"query-input\":{\"@type\":\"PropertyValueSpecification\",\"valueRequired\":true,\"valueName\":\"search_term_string\"}}],\"inLanguage\":\"sv-SE\"},{\"@type\":\"Organization\",\"@id\":\"https:\\\/\\\/www.siimet.fi\\\/#organization\",\"name\":\"Siimet Oy\",\"url\":\"https:\\\/\\\/www.siimet.fi\\\/\",\"logo\":{\"@type\":\"ImageObject\",\"inLanguage\":\"sv-SE\",\"@id\":\"https:\\\/\\\/www.siimet.fi\\\/#\\\/schema\\\/logo\\\/image\\\/\",\"url\":\"https:\\\/\\\/www.siimet.fi\\\/wp-content\\\/uploads\\\/2024\\\/09\\\/siimet.svg\",\"contentUrl\":\"https:\\\/\\\/www.siimet.fi\\\/wp-content\\\/uploads\\\/2024\\\/09\\\/siimet.svg\",\"caption\":\"Siimet Oy\"},\"image\":{\"@id\":\"https:\\\/\\\/www.siimet.fi\\\/#\\\/schema\\\/logo\\\/image\\\/\"},\"sameAs\":[\"https:\\\/\\\/www.facebook.com\\\/siimetoy\",\"https:\\\/\\\/www.linkedin.com\\\/company\\\/siimet-oy\\\/\"]}]}<\/script>\n<!-- \/ Yoast SEO plugin. -->","yoast_head_json":{"title":"Kl\u00e4tterbord - Siimet","description":"Svampar p\u00e5 ombordstigningsbordet. Vi konstruerar och tillverkar skr\u00e4ddarsydda p\u00e5stigningsbord f\u00f6r lastbilstraktorer - b\u00e5de f\u00f6r nyinstallation och uppgradering av utrustning.","robots":{"index":"index","follow":"follow","max-snippet":"max-snippet:-1","max-image-preview":"max-image-preview:large","max-video-preview":"max-video-preview:-1"},"canonical":"https:\/\/www.siimet.fi\/sv\/produkter\/lyftbord\/","og_locale":"sv_SE","og_type":"article","og_title":"Nousup\u00f6yt\u00e4 - Siimet","og_description":"Siimet nousup\u00f6yt\u00e4. Suunnittelemme ja toteutamme nousup\u00f6yd\u00e4t rekan vetoautoihin yksil\u00f6llisesti \u2013 niin uusasennuksiin kuin kalustop\u00e4ivityksiin.","og_url":"https:\/\/www.siimet.fi\/sv\/produkter\/lyftbord\/","og_site_name":"Siimet","article_publisher":"https:\/\/www.facebook.com\/siimetoy","article_modified_time":"2025-11-24T13:34:45+00:00","twitter_card":"summary_large_image","twitter_misc":{"Ber\u00e4knad l\u00e4stid":"3 minuter"},"schema":{"@context":"https:\/\/schema.org","@graph":[{"@type":"WebPage","@id":"https:\/\/www.siimet.fi\/tuotteet\/siimet-nousupoyta\/","url":"https:\/\/www.siimet.fi\/tuotteet\/siimet-nousupoyta\/","name":"Kl\u00e4tterbord - Siimet","isPartOf":{"@id":"https:\/\/www.siimet.fi\/#website"},"primaryImageOfPage":{"@id":"https:\/\/www.siimet.fi\/tuotteet\/siimet-nousupoyta\/#primaryimage"},"image":{"@id":"https:\/\/www.siimet.fi\/tuotteet\/siimet-nousupoyta\/#primaryimage"},"thumbnailUrl":"https:\/\/www.siimet.fi\/wp-content\/uploads\/2024\/09\/siimetlavetit.svg","datePublished":"2025-06-03T11:41:30+00:00","dateModified":"2025-11-24T13:34:45+00:00","description":"Svampar p\u00e5 ombordstigningsbordet. Vi konstruerar och tillverkar skr\u00e4ddarsydda p\u00e5stigningsbord f\u00f6r lastbilstraktorer - b\u00e5de f\u00f6r nyinstallation och uppgradering av utrustning.","breadcrumb":{"@id":"https:\/\/www.siimet.fi\/tuotteet\/siimet-nousupoyta\/#breadcrumb"},"inLanguage":"sv-SE","potentialAction":[{"@type":"ReadAction","target":["https:\/\/www.siimet.fi\/tuotteet\/siimet-nousupoyta\/"]}]},{"@type":"ImageObject","inLanguage":"sv-SE","@id":"https:\/\/www.siimet.fi\/tuotteet\/siimet-nousupoyta\/#primaryimage","url":"https:\/\/www.siimet.fi\/wp-content\/uploads\/2024\/09\/siimetlavetit.svg","contentUrl":"https:\/\/www.siimet.fi\/wp-content\/uploads\/2024\/09\/siimetlavetit.svg"},{"@type":"BreadcrumbList","@id":"https:\/\/www.siimet.fi\/tuotteet\/siimet-nousupoyta\/#breadcrumb","itemListElement":[{"@type":"ListItem","position":1,"name":"Etusivu","item":"https:\/\/www.siimet.fi\/"},{"@type":"ListItem","position":2,"name":"Siimet Tuotteet","item":"https:\/\/www.siimet.fi\/tuotteet\/"},{"@type":"ListItem","position":3,"name":"Siimet nousup\u00f6yt\u00e4"}]},{"@type":"WebSite","@id":"https:\/\/www.siimet.fi\/#website","url":"https:\/\/www.siimet.fi\/","name":"Siimet","description":"Tillverkning, f\u00f6rs\u00e4ljning och underh\u00e5ll av lastpallar","publisher":{"@id":"https:\/\/www.siimet.fi\/#organization"},"potentialAction":[{"@type":"SearchAction","target":{"@type":"EntryPoint","urlTemplate":"https:\/\/www.siimet.fi\/?s={search_term_string}"},"query-input":{"@type":"PropertyValueSpecification","valueRequired":true,"valueName":"search_term_string"}}],"inLanguage":"sv-SE"},{"@type":"Organization","@id":"https:\/\/www.siimet.fi\/#organization","name":"Siimet OY","url":"https:\/\/www.siimet.fi\/","logo":{"@type":"ImageObject","inLanguage":"sv-SE","@id":"https:\/\/www.siimet.fi\/#\/schema\/logo\/image\/","url":"https:\/\/www.siimet.fi\/wp-content\/uploads\/2024\/09\/siimet.svg","contentUrl":"https:\/\/www.siimet.fi\/wp-content\/uploads\/2024\/09\/siimet.svg","caption":"Siimet Oy"},"image":{"@id":"https:\/\/www.siimet.fi\/#\/schema\/logo\/image\/"},"sameAs":["https:\/\/www.facebook.com\/siimetoy","https:\/\/www.linkedin.com\/company\/siimet-oy\/"]}]}},"_links":{"self":[{"href":"https:\/\/www.siimet.fi\/sv\/wp-json\/wp\/v2\/pages\/1430","targetHints":{"allow":["GET"]}}],"collection":[{"href":"https:\/\/www.siimet.fi\/sv\/wp-json\/wp\/v2\/pages"}],"about":[{"href":"https:\/\/www.siimet.fi\/sv\/wp-json\/wp\/v2\/types\/page"}],"author":[{"embeddable":true,"href":"https:\/\/www.siimet.fi\/sv\/wp-json\/wp\/v2\/users\/1"}],"replies":[{"embeddable":true,"href":"https:\/\/www.siimet.fi\/sv\/wp-json\/wp\/v2\/comments?post=1430"}],"version-history":[{"count":25,"href":"https:\/\/www.siimet.fi\/sv\/wp-json\/wp\/v2\/pages\/1430\/revisions"}],"predecessor-version":[{"id":1962,"href":"https:\/\/www.siimet.fi\/sv\/wp-json\/wp\/v2\/pages\/1430\/revisions\/1962"}],"up":[{"embeddable":true,"href":"https:\/\/www.siimet.fi\/sv\/wp-json\/wp\/v2\/pages\/368"}],"wp:attachment":[{"href":"https:\/\/www.siimet.fi\/sv\/wp-json\/wp\/v2\/media?parent=1430"}],"curies":[{"name":"wp","href":"https:\/\/api.w.org\/{rel}","templated":true}]}}