{"id":368,"date":"2024-09-17T07:36:06","date_gmt":"2024-09-17T07:36:06","guid":{"rendered":"https:\/\/www.siimet.fi\/?page_id=368"},"modified":"2026-04-01T09:40:45","modified_gmt":"2026-04-01T07:40:45","slug":"products","status":"publish","type":"page","link":"https:\/\/www.siimet.fi\/en\/tuotteet\/","title":{"rendered":"Siimet Products"},"content":{"rendered":"<div class=\"wp-block-group alignfull has-global-padding is-layout-constrained wp-container-core-group-is-layout-197d5b62 wp-block-group-is-layout-constrained\" style=\"padding-top:30px;padding-right:30px;padding-bottom:30px;padding-left:30px\">\n<div class=\"wp-block-columns alignwide is-layout-flex wp-container-core-columns-is-layout-28f84493 wp-block-columns-is-layout-flex\">\n<div class=\"wp-block-column is-vertically-aligned-center is-layout-flow wp-container-core-column-is-layout-8a368f38 wp-block-column-is-layout-flow\">\n<h2 class=\"wp-block-heading has-x-huge-font-size\" style=\"text-transform:uppercase\">Siimet Trailers<\/h2>\n\n\n\n<h2 class=\"wp-block-heading has-huge-font-size\">Professionalism, experience, and precision.<br>That's what Siimet is.<\/h2>\n<\/div>\n\n\n\n<div class=\"wp-block-column is-layout-flow wp-container-core-column-is-layout-3ca914a4 wp-block-column-is-layout-flow\" style=\"flex-basis:40%\">\n<p>Siimet Oy is a strong player in the design, manufacture and maintenance of special transport equipment and trailers. Years of development and experience are reflected in a high-quality end product. A high-quality Siimet trailer lasts and works.\u00a0<\/p>\n\n\n\n<p class=\"has-color-4-color has-color-1-background-color has-text-color has-background has-link-color wp-elements-b7c93ee79ca59fb8a4aab1b0ca8966e0\" style=\"font-size:clamp(14px, 0.875rem + ((1vw - 3.2px) * 0.714), 20px);\"><strong>Trailers for sale, new and used <\/strong><br><a href=\"tel:+358447121031\">+358 44 712 1031<\/a><br><a href=\"mailto:markus.laikola@siimet.fi\">markus.laikola@siimet.fi<\/a><br><a href=\"https:\/\/www.nettikone.com\/yritys\/1112113\" target=\"_blank\" rel=\"noreferrer noopener\">You can find used equipment on Nettikone \u00bb<\/a> \"<\/p>\n<\/div>\n<\/div>\n<\/div>\n\n\n\n<div class=\"wp-block-group alignfull has-global-padding is-layout-constrained wp-container-core-group-is-layout-f4be5790 wp-block-group-is-layout-constrained\" style=\"padding-top:30px;padding-right:30px;padding-bottom:30px;padding-left:30px\">\n<div class=\"wp-block-columns alignwide is-layout-flex wp-container-core-columns-is-layout-28f84493 wp-block-columns-is-layout-flex\">\n<div class=\"wp-block-column is-vertically-aligned-center is-layout-flow wp-container-core-column-is-layout-3ca914a4 wp-block-column-is-layout-flow\">\n<h2 class=\"wp-block-heading\" style=\"font-size:clamp(30.693px, 1.918rem + ((1vw - 3.2px) * 2.775), 54px);font-style:normal;font-weight:700;text-transform:uppercase\">Siimet Product range<\/h2>\n\n\n\n<p>At Siimet Oy you will find a comprehensive range of special transport trailers. We manufacture semi-trailers, drawbar trailers, and material transfer trailers.<\/p>\n\n\n\n<h2 class=\"wp-block-heading has-huge-font-size\">Siimet trailers:<\/h2>\n<\/div>\n\n\n\n<div class=\"wp-block-column is-layout-flow wp-block-column-is-layout-flow\">\n<div class=\"wp-block-getwid-banner is-style-default has-animation-style1 has-text-animation-opacity-bottom has-foreground-20\"><a href=\"https:\/\/www.siimet.fi\/en\/products\/2-axle-semi-trailer\/\" rel=\"\" class=\"wp-block-getwid-banner__link\"><div class=\"wp-block-getwid-banner__wrapper\"><img loading=\"lazy\" decoding=\"async\" width=\"1200\" height=\"800\" src=\"https:\/\/www.siimet.fi\/wp-content\/uploads\/2024\/10\/siimet-2-akselinen-puoliperavaunu.jpg\" alt=\"\" class=\"wp-block-getwid-banner__image wp-block-getwid-banner__source wp-image-1084\" srcset=\"https:\/\/www.siimet.fi\/wp-content\/uploads\/2024\/10\/siimet-2-akselinen-puoliperavaunu.jpg 1200w, https:\/\/www.siimet.fi\/wp-content\/uploads\/2024\/10\/siimet-2-akselinen-puoliperavaunu-600x400.jpg 600w, https:\/\/www.siimet.fi\/wp-content\/uploads\/2024\/10\/siimet-2-akselinen-puoliperavaunu-300x200.jpg 300w, https:\/\/www.siimet.fi\/wp-content\/uploads\/2024\/10\/siimet-2-akselinen-puoliperavaunu-1024x683.jpg 1024w, https:\/\/www.siimet.fi\/wp-content\/uploads\/2024\/10\/siimet-2-akselinen-puoliperavaunu-768x512.jpg 768w\" sizes=\"auto, (max-width: 1200px) 100vw, 1200px\" \/><div class=\"wp-block-getwid-banner__caption\"><div class=\"wp-block-getwid-banner__caption-wrapper\"><span class=\"wp-block-getwid-banner__title\"><strong>2-axle semi-trailers<\/strong><\/span><p class=\"wp-block-getwid-banner__text\">Find out more \u00bb<\/p><\/div><\/div><\/div><\/a><\/div>\n<\/div>\n\n\n\n<div class=\"wp-block-column is-layout-flow wp-block-column-is-layout-flow\">\n<div class=\"wp-block-getwid-banner is-style-default has-animation-style1 has-text-animation-opacity-bottom has-foreground-20\"><a href=\"https:\/\/www.siimet.fi\/en\/products\/2-5-axle-semi-trailers\/\" class=\"wp-block-getwid-banner__link\"><div class=\"wp-block-getwid-banner__wrapper\"><img loading=\"lazy\" decoding=\"async\" width=\"1280\" height=\"720\" src=\"https:\/\/www.siimet.fi\/wp-content\/uploads\/2024\/10\/siimet-2-5-akselinen.jpg\" alt=\"\" class=\"wp-block-getwid-banner__image wp-block-getwid-banner__source wp-image-1091\" srcset=\"https:\/\/www.siimet.fi\/wp-content\/uploads\/2024\/10\/siimet-2-5-akselinen.jpg 1280w, https:\/\/www.siimet.fi\/wp-content\/uploads\/2024\/10\/siimet-2-5-akselinen-600x338.jpg 600w, https:\/\/www.siimet.fi\/wp-content\/uploads\/2024\/10\/siimet-2-5-akselinen-300x169.jpg 300w, https:\/\/www.siimet.fi\/wp-content\/uploads\/2024\/10\/siimet-2-5-akselinen-1024x576.jpg 1024w, https:\/\/www.siimet.fi\/wp-content\/uploads\/2024\/10\/siimet-2-5-akselinen-768x432.jpg 768w\" sizes=\"auto, (max-width: 1280px) 100vw, 1280px\" \/><div class=\"wp-block-getwid-banner__caption\"><div class=\"wp-block-getwid-banner__caption-wrapper\"><span class=\"wp-block-getwid-banner__title\"><strong>2-5 axle semi-trailers<\/strong><\/span><p class=\"wp-block-getwid-banner__text\">Find out more \u00bb<\/p><\/div><\/div><\/div><\/a><\/div>\n<\/div>\n<\/div>\n\n\n\n<div class=\"wp-block-columns alignwide is-layout-flex wp-container-core-columns-is-layout-28f84493 wp-block-columns-is-layout-flex\">\n<div class=\"wp-block-column is-layout-flow wp-container-core-column-is-layout-3ca914a4 wp-block-column-is-layout-flow\">\n<div class=\"wp-block-getwid-banner is-style-default has-animation-style1 has-text-animation-opacity-bottom has-foreground-20\"><a href=\"https:\/\/www.siimet.fi\/en\/products\/full-trailers-2\/\" class=\"wp-block-getwid-banner__link\"><div class=\"wp-block-getwid-banner__wrapper\"><img loading=\"lazy\" decoding=\"async\" width=\"1280\" height=\"720\" src=\"https:\/\/www.siimet.fi\/wp-content\/uploads\/2024\/10\/siimet-taysperavaunu.jpg\" alt=\"\" class=\"wp-block-getwid-banner__image wp-block-getwid-banner__source wp-image-1093\" srcset=\"https:\/\/www.siimet.fi\/wp-content\/uploads\/2024\/10\/siimet-taysperavaunu.jpg 1280w, https:\/\/www.siimet.fi\/wp-content\/uploads\/2024\/10\/siimet-taysperavaunu-600x338.jpg 600w, https:\/\/www.siimet.fi\/wp-content\/uploads\/2024\/10\/siimet-taysperavaunu-300x169.jpg 300w, https:\/\/www.siimet.fi\/wp-content\/uploads\/2024\/10\/siimet-taysperavaunu-1024x576.jpg 1024w, https:\/\/www.siimet.fi\/wp-content\/uploads\/2024\/10\/siimet-taysperavaunu-768x432.jpg 768w\" sizes=\"auto, (max-width: 1280px) 100vw, 1280px\" \/><div class=\"wp-block-getwid-banner__caption\"><div class=\"wp-block-getwid-banner__caption-wrapper\"><span class=\"wp-block-getwid-banner__title\"><strong>Full trailers<\/strong><\/span><p class=\"wp-block-getwid-banner__text\">Find out more \u00bb<\/p><\/div><\/div><\/div><\/a><\/div>\n<\/div>\n\n\n\n<div class=\"wp-block-column is-layout-flow wp-container-core-column-is-layout-3ca914a4 wp-block-column-is-layout-flow\">\n<div class=\"wp-block-getwid-banner is-style-default has-animation-style1 has-text-animation-opacity-bottom has-foreground-20\"><a href=\"https:\/\/www.siimet.fi\/en\/products\/internal-transport-trailer\/\" class=\"wp-block-getwid-banner__link\"><div class=\"wp-block-getwid-banner__wrapper\"><img loading=\"lazy\" decoding=\"async\" width=\"1200\" height=\"900\" src=\"https:\/\/www.siimet.fi\/wp-content\/uploads\/2024\/10\/siimet-sisasiirtovaunut.jpg\" alt=\"\" class=\"wp-block-getwid-banner__image wp-block-getwid-banner__source wp-image-1095\" srcset=\"https:\/\/www.siimet.fi\/wp-content\/uploads\/2024\/10\/siimet-sisasiirtovaunut.jpg 1200w, https:\/\/www.siimet.fi\/wp-content\/uploads\/2024\/10\/siimet-sisasiirtovaunut-600x450.jpg 600w, https:\/\/www.siimet.fi\/wp-content\/uploads\/2024\/10\/siimet-sisasiirtovaunut-300x225.jpg 300w, https:\/\/www.siimet.fi\/wp-content\/uploads\/2024\/10\/siimet-sisasiirtovaunut-1024x768.jpg 1024w, https:\/\/www.siimet.fi\/wp-content\/uploads\/2024\/10\/siimet-sisasiirtovaunut-768x576.jpg 768w\" sizes=\"auto, (max-width: 1200px) 100vw, 1200px\" \/><div class=\"wp-block-getwid-banner__caption\"><div class=\"wp-block-getwid-banner__caption-wrapper\"><span class=\"wp-block-getwid-banner__title\"><strong>Internal Transport Trailers<\/strong><\/span><p class=\"wp-block-getwid-banner__text\">Find out more \u00bb<\/p><\/div><\/div><\/div><\/a><\/div>\n<\/div>\n\n\n\n<div class=\"wp-block-column is-layout-flow wp-container-core-column-is-layout-3ca914a4 wp-block-column-is-layout-flow\">\n<div class=\"wp-block-getwid-banner is-style-default has-animation-style1 has-text-animation-opacity-bottom has-foreground-50\"><a href=\"https:\/\/www.siimet.fi\/en\/products\/lifting-fifth-wheel\/\" class=\"wp-block-getwid-banner__link\"><div class=\"wp-block-getwid-banner__wrapper\"><img loading=\"lazy\" decoding=\"async\" width=\"1920\" height=\"1080\" src=\"https:\/\/www.siimet.fi\/wp-content\/uploads\/2025\/06\/siimet-nousupoyta.jpg\" alt=\"\" class=\"wp-block-getwid-banner__image wp-block-getwid-banner__source wp-image-1481\" srcset=\"https:\/\/www.siimet.fi\/wp-content\/uploads\/2025\/06\/siimet-nousupoyta.jpg 1920w, https:\/\/www.siimet.fi\/wp-content\/uploads\/2025\/06\/siimet-nousupoyta-300x169.jpg 300w, https:\/\/www.siimet.fi\/wp-content\/uploads\/2025\/06\/siimet-nousupoyta-1024x576.jpg 1024w, https:\/\/www.siimet.fi\/wp-content\/uploads\/2025\/06\/siimet-nousupoyta-768x432.jpg 768w, https:\/\/www.siimet.fi\/wp-content\/uploads\/2025\/06\/siimet-nousupoyta-1536x864.jpg 1536w\" sizes=\"auto, (max-width: 1920px) 100vw, 1920px\" \/><div class=\"wp-block-getwid-banner__caption\"><div class=\"wp-block-getwid-banner__caption-wrapper\"><span class=\"wp-block-getwid-banner__title\"><strong>Lifting fifth wheel<\/strong><\/span><p class=\"wp-block-getwid-banner__text\">Find out more \u00bb<\/p><\/div><\/div><\/div><\/a><\/div>\n<\/div>\n<\/div>\n\n\n\n<div class=\"wp-block-columns alignwide is-layout-flex wp-container-core-columns-is-layout-28f84493 wp-block-columns-is-layout-flex\">\n<div class=\"wp-block-column is-layout-flow wp-container-core-column-is-layout-3ca914a4 wp-block-column-is-layout-flow\">\n<div class=\"wp-block-getwid-banner is-style-default has-animation-style1 has-text-animation-opacity-bottom has-foreground-20\"><a href=\"https:\/\/www.siimet.fi\/en\/products\/fines-defence\/\" class=\"wp-block-getwid-banner__link\"><div class=\"wp-block-getwid-banner__wrapper\"><img loading=\"lazy\" decoding=\"async\" width=\"1920\" height=\"1080\" src=\"https:\/\/www.siimet.fi\/wp-content\/uploads\/2024\/11\/siimet-defence.jpg\" alt=\"\" class=\"wp-block-getwid-banner__image wp-block-getwid-banner__source wp-image-1174\" srcset=\"https:\/\/www.siimet.fi\/wp-content\/uploads\/2024\/11\/siimet-defence.jpg 1920w, https:\/\/www.siimet.fi\/wp-content\/uploads\/2024\/11\/siimet-defence-600x338.jpg 600w, https:\/\/www.siimet.fi\/wp-content\/uploads\/2024\/11\/siimet-defence-300x169.jpg 300w, https:\/\/www.siimet.fi\/wp-content\/uploads\/2024\/11\/siimet-defence-1024x576.jpg 1024w, https:\/\/www.siimet.fi\/wp-content\/uploads\/2024\/11\/siimet-defence-768x432.jpg 768w, https:\/\/www.siimet.fi\/wp-content\/uploads\/2024\/11\/siimet-defence-1536x864.jpg 1536w\" sizes=\"auto, (max-width: 1920px) 100vw, 1920px\" \/><div class=\"wp-block-getwid-banner__caption\"><div class=\"wp-block-getwid-banner__caption-wrapper\"><span class=\"wp-block-getwid-banner__title\"><strong>Siimet Defence<\/strong><\/span><p class=\"wp-block-getwid-banner__text\">Find out more \u00bb<\/p><\/div><\/div><\/div><\/a><\/div>\n<\/div>\n\n\n\n<div class=\"wp-block-column is-layout-flow wp-container-core-column-is-layout-3ca914a4 wp-block-column-is-layout-flow\">\n<div class=\"wp-block-getwid-banner is-style-default has-animation-style1 has-text-animation-opacity-bottom has-foreground-20\"><a href=\"https:\/\/www.nooteboomparts.com\/\" target=\"_blank\" rel=\"noreferrer noopener\" class=\"wp-block-getwid-banner__link\"><div class=\"wp-block-getwid-banner__wrapper\"><img decoding=\"async\" src=\"https:\/\/www.siimet.fi\/wp-content\/uploads\/2024\/09\/nooteboom.svg\" alt=\"\" class=\"wp-block-getwid-banner__image wp-block-getwid-banner__source wp-image-855\"\/><div class=\"wp-block-getwid-banner__caption\"><div class=\"wp-block-getwid-banner__caption-wrapper\"><span class=\"wp-block-getwid-banner__title\"><strong>Nooteboom spare parts<\/strong><\/span><p class=\"wp-block-getwid-banner__text\">See the range of spare parts \u00bb<\/p><\/div><\/div><\/div><\/a><\/div>\n<\/div>\n<\/div>\n<\/div>","protected":false},"excerpt":{"rendered":"<p>Siimet lavetit Ammattitaito, kokemus ja viimeistelty lopputulos.Sit\u00e4 on Siimet. Siimet Oy on vahva tekij\u00e4 erikoiskuljetuskaluston ja lavettien suunnittelussa, valmistuksessa ja huollossa. Vuosien kehitysty\u00f6 ja kokemus n\u00e4kyy laadukkaana lopputuloksena. Laadukas Siimet -lavetti kest\u00e4\u00e4 ja toimii.\u00a0 Lavettimyynti, uudet ja k\u00e4ytetyt +358 44 712 1031markus.laikola@siimet.fiVaihtolaitteet l\u00f6yd\u00e4t Nettikoneesta \u00bb Siimet mallisto Siimet Oy:lt\u00e4 l\u00f6yd\u00e4t kattavan valikoiman erikoiskuljetusper\u00e4vaunuja. Valmistamme puoliper\u00e4vaunuja, [&hellip;]<\/p>\n","protected":false},"author":1,"featured_media":0,"parent":0,"menu_order":0,"comment_status":"closed","ping_status":"closed","template":"","meta":{"inline_featured_image":false,"footnotes":""},"class_list":["post-368","page","type-page","status-publish","hentry"],"yoast_head":"<!-- This site is optimized with the Yoast SEO plugin v27.3 - https:\/\/yoast.com\/product\/yoast-seo-wordpress\/ -->\n<title>Siimet lavetit ja tuotteet<\/title>\n<meta name=\"description\" content=\"Siimet tuotteet kattavat lavetit ja erikoiskuljetuskaluston. Tuotteitamme mm. puoliper\u00e4vaunut, t\u00e4ysper\u00e4vaunut ja materiaalinkuljetusvaunut.\" \/>\n<meta name=\"robots\" content=\"index, follow, max-snippet:-1, max-image-preview:large, max-video-preview:-1\" \/>\n<link rel=\"canonical\" href=\"https:\/\/www.siimet.fi\/en\/products\/\" \/>\n<meta property=\"og:locale\" content=\"en_GB\" \/>\n<meta property=\"og:type\" content=\"article\" \/>\n<meta property=\"og:title\" content=\"Siimet lavetit ja tuotteet\" \/>\n<meta property=\"og:description\" content=\"Siimet tuotteet kattavat lavetit ja erikoiskuljetuskaluston. Tuotteitamme mm. puoliper\u00e4vaunut, t\u00e4ysper\u00e4vaunut ja materiaalinkuljetusvaunut.\" \/>\n<meta property=\"og:url\" content=\"https:\/\/www.siimet.fi\/en\/products\/\" \/>\n<meta property=\"og:site_name\" content=\"Siimet\" \/>\n<meta property=\"article:publisher\" content=\"https:\/\/www.facebook.com\/siimetoy\" \/>\n<meta property=\"article:modified_time\" content=\"2026-04-01T07:40:45+00:00\" \/>\n<meta property=\"og:image\" content=\"https:\/\/www.siimet.fi\/wp-content\/uploads\/2024\/10\/siimet-2-akselinen-puoliperavaunu.jpg\" \/>\n\t<meta property=\"og:image:width\" content=\"1200\" \/>\n\t<meta property=\"og:image:height\" content=\"800\" \/>\n\t<meta property=\"og:image:type\" content=\"image\/jpeg\" \/>\n<meta name=\"twitter:card\" content=\"summary_large_image\" \/>\n<meta name=\"twitter:label1\" content=\"Estimated reading time\" \/>\n\t<meta name=\"twitter:data1\" content=\"2 minutes\" \/>\n<script type=\"application\/ld+json\" class=\"yoast-schema-graph\">{\"@context\":\"https:\\\/\\\/schema.org\",\"@graph\":[{\"@type\":\"WebPage\",\"@id\":\"https:\\\/\\\/www.siimet.fi\\\/tuotteet\\\/\",\"url\":\"https:\\\/\\\/www.siimet.fi\\\/tuotteet\\\/\",\"name\":\"Siimet lavetit ja tuotteet\",\"isPartOf\":{\"@id\":\"https:\\\/\\\/www.siimet.fi\\\/#website\"},\"primaryImageOfPage\":{\"@id\":\"https:\\\/\\\/www.siimet.fi\\\/tuotteet\\\/#primaryimage\"},\"image\":{\"@id\":\"https:\\\/\\\/www.siimet.fi\\\/tuotteet\\\/#primaryimage\"},\"thumbnailUrl\":\"https:\\\/\\\/www.siimet.fi\\\/wp-content\\\/uploads\\\/2024\\\/10\\\/siimet-2-akselinen-puoliperavaunu.jpg\",\"datePublished\":\"2024-09-17T07:36:06+00:00\",\"dateModified\":\"2026-04-01T07:40:45+00:00\",\"description\":\"Siimet tuotteet kattavat lavetit ja erikoiskuljetuskaluston. Tuotteitamme mm. puoliper\u00e4vaunut, t\u00e4ysper\u00e4vaunut ja materiaalinkuljetusvaunut.\",\"breadcrumb\":{\"@id\":\"https:\\\/\\\/www.siimet.fi\\\/tuotteet\\\/#breadcrumb\"},\"inLanguage\":\"en-GB\",\"potentialAction\":[{\"@type\":\"ReadAction\",\"target\":[\"https:\\\/\\\/www.siimet.fi\\\/tuotteet\\\/\"]}]},{\"@type\":\"ImageObject\",\"inLanguage\":\"en-GB\",\"@id\":\"https:\\\/\\\/www.siimet.fi\\\/tuotteet\\\/#primaryimage\",\"url\":\"https:\\\/\\\/www.siimet.fi\\\/wp-content\\\/uploads\\\/2024\\\/10\\\/siimet-2-akselinen-puoliperavaunu.jpg\",\"contentUrl\":\"https:\\\/\\\/www.siimet.fi\\\/wp-content\\\/uploads\\\/2024\\\/10\\\/siimet-2-akselinen-puoliperavaunu.jpg\"},{\"@type\":\"BreadcrumbList\",\"@id\":\"https:\\\/\\\/www.siimet.fi\\\/tuotteet\\\/#breadcrumb\",\"itemListElement\":[{\"@type\":\"ListItem\",\"position\":1,\"name\":\"Etusivu\",\"item\":\"https:\\\/\\\/www.siimet.fi\\\/\"},{\"@type\":\"ListItem\",\"position\":2,\"name\":\"Siimet Tuotteet\"}]},{\"@type\":\"WebSite\",\"@id\":\"https:\\\/\\\/www.siimet.fi\\\/#website\",\"url\":\"https:\\\/\\\/www.siimet.fi\\\/\",\"name\":\"Siimet\",\"description\":\"Lavettien valmistus, myynti ja huolto\",\"publisher\":{\"@id\":\"https:\\\/\\\/www.siimet.fi\\\/#organization\"},\"potentialAction\":[{\"@type\":\"SearchAction\",\"target\":{\"@type\":\"EntryPoint\",\"urlTemplate\":\"https:\\\/\\\/www.siimet.fi\\\/?s={search_term_string}\"},\"query-input\":{\"@type\":\"PropertyValueSpecification\",\"valueRequired\":true,\"valueName\":\"search_term_string\"}}],\"inLanguage\":\"en-GB\"},{\"@type\":\"Organization\",\"@id\":\"https:\\\/\\\/www.siimet.fi\\\/#organization\",\"name\":\"Siimet Oy\",\"url\":\"https:\\\/\\\/www.siimet.fi\\\/\",\"logo\":{\"@type\":\"ImageObject\",\"inLanguage\":\"en-GB\",\"@id\":\"https:\\\/\\\/www.siimet.fi\\\/#\\\/schema\\\/logo\\\/image\\\/\",\"url\":\"https:\\\/\\\/www.siimet.fi\\\/wp-content\\\/uploads\\\/2024\\\/09\\\/siimet.svg\",\"contentUrl\":\"https:\\\/\\\/www.siimet.fi\\\/wp-content\\\/uploads\\\/2024\\\/09\\\/siimet.svg\",\"caption\":\"Siimet Oy\"},\"image\":{\"@id\":\"https:\\\/\\\/www.siimet.fi\\\/#\\\/schema\\\/logo\\\/image\\\/\"},\"sameAs\":[\"https:\\\/\\\/www.facebook.com\\\/siimetoy\",\"https:\\\/\\\/www.linkedin.com\\\/company\\\/siimet-oy\\\/\"]}]}<\/script>\n<!-- \/ Yoast SEO plugin. -->","yoast_head_json":{"title":"Siimet trailers and products","description":"Siimet products cover trailers and special transport equipment. Our products include semi-trailers, full trailers and material handling trailers.","robots":{"index":"index","follow":"follow","max-snippet":"max-snippet:-1","max-image-preview":"max-image-preview:large","max-video-preview":"max-video-preview:-1"},"canonical":"https:\/\/www.siimet.fi\/en\/products\/","og_locale":"en_GB","og_type":"article","og_title":"Siimet lavetit ja tuotteet","og_description":"Siimet tuotteet kattavat lavetit ja erikoiskuljetuskaluston. Tuotteitamme mm. puoliper\u00e4vaunut, t\u00e4ysper\u00e4vaunut ja materiaalinkuljetusvaunut.","og_url":"https:\/\/www.siimet.fi\/en\/products\/","og_site_name":"Siimet","article_publisher":"https:\/\/www.facebook.com\/siimetoy","article_modified_time":"2026-04-01T07:40:45+00:00","og_image":[{"width":1200,"height":800,"url":"https:\/\/www.siimet.fi\/wp-content\/uploads\/2024\/10\/siimet-2-akselinen-puoliperavaunu.jpg","type":"image\/jpeg"}],"twitter_card":"summary_large_image","twitter_misc":{"Estimated reading time":"2 minutes"},"schema":{"@context":"https:\/\/schema.org","@graph":[{"@type":"WebPage","@id":"https:\/\/www.siimet.fi\/tuotteet\/","url":"https:\/\/www.siimet.fi\/tuotteet\/","name":"Siimet trailers and products","isPartOf":{"@id":"https:\/\/www.siimet.fi\/#website"},"primaryImageOfPage":{"@id":"https:\/\/www.siimet.fi\/tuotteet\/#primaryimage"},"image":{"@id":"https:\/\/www.siimet.fi\/tuotteet\/#primaryimage"},"thumbnailUrl":"https:\/\/www.siimet.fi\/wp-content\/uploads\/2024\/10\/siimet-2-akselinen-puoliperavaunu.jpg","datePublished":"2024-09-17T07:36:06+00:00","dateModified":"2026-04-01T07:40:45+00:00","description":"Siimet products cover trailers and special transport equipment. Our products include semi-trailers, full trailers and material handling trailers.","breadcrumb":{"@id":"https:\/\/www.siimet.fi\/tuotteet\/#breadcrumb"},"inLanguage":"en-GB","potentialAction":[{"@type":"ReadAction","target":["https:\/\/www.siimet.fi\/tuotteet\/"]}]},{"@type":"ImageObject","inLanguage":"en-GB","@id":"https:\/\/www.siimet.fi\/tuotteet\/#primaryimage","url":"https:\/\/www.siimet.fi\/wp-content\/uploads\/2024\/10\/siimet-2-akselinen-puoliperavaunu.jpg","contentUrl":"https:\/\/www.siimet.fi\/wp-content\/uploads\/2024\/10\/siimet-2-akselinen-puoliperavaunu.jpg"},{"@type":"BreadcrumbList","@id":"https:\/\/www.siimet.fi\/tuotteet\/#breadcrumb","itemListElement":[{"@type":"ListItem","position":1,"name":"Etusivu","item":"https:\/\/www.siimet.fi\/"},{"@type":"ListItem","position":2,"name":"Siimet Tuotteet"}]},{"@type":"WebSite","@id":"https:\/\/www.siimet.fi\/#website","url":"https:\/\/www.siimet.fi\/","name":"Siimet","description":"Manufacture, sale and maintenance of pallets","publisher":{"@id":"https:\/\/www.siimet.fi\/#organization"},"potentialAction":[{"@type":"SearchAction","target":{"@type":"EntryPoint","urlTemplate":"https:\/\/www.siimet.fi\/?s={search_term_string}"},"query-input":{"@type":"PropertyValueSpecification","valueRequired":true,"valueName":"search_term_string"}}],"inLanguage":"en-GB"},{"@type":"Organization","@id":"https:\/\/www.siimet.fi\/#organization","name":"Siimet Oy","url":"https:\/\/www.siimet.fi\/","logo":{"@type":"ImageObject","inLanguage":"en-GB","@id":"https:\/\/www.siimet.fi\/#\/schema\/logo\/image\/","url":"https:\/\/www.siimet.fi\/wp-content\/uploads\/2024\/09\/siimet.svg","contentUrl":"https:\/\/www.siimet.fi\/wp-content\/uploads\/2024\/09\/siimet.svg","caption":"Siimet Oy"},"image":{"@id":"https:\/\/www.siimet.fi\/#\/schema\/logo\/image\/"},"sameAs":["https:\/\/www.facebook.com\/siimetoy","https:\/\/www.linkedin.com\/company\/siimet-oy\/"]}]}},"_links":{"self":[{"href":"https:\/\/www.siimet.fi\/en\/wp-json\/wp\/v2\/pages\/368","targetHints":{"allow":["GET"]}}],"collection":[{"href":"https:\/\/www.siimet.fi\/en\/wp-json\/wp\/v2\/pages"}],"about":[{"href":"https:\/\/www.siimet.fi\/en\/wp-json\/wp\/v2\/types\/page"}],"author":[{"embeddable":true,"href":"https:\/\/www.siimet.fi\/en\/wp-json\/wp\/v2\/users\/1"}],"replies":[{"embeddable":true,"href":"https:\/\/www.siimet.fi\/en\/wp-json\/wp\/v2\/comments?post=368"}],"version-history":[{"count":70,"href":"https:\/\/www.siimet.fi\/en\/wp-json\/wp\/v2\/pages\/368\/revisions"}],"predecessor-version":[{"id":1989,"href":"https:\/\/www.siimet.fi\/en\/wp-json\/wp\/v2\/pages\/368\/revisions\/1989"}],"wp:attachment":[{"href":"https:\/\/www.siimet.fi\/en\/wp-json\/wp\/v2\/media?parent=368"}],"curies":[{"name":"wp","href":"https:\/\/api.w.org\/{rel}","templated":true}]}}