{"id":1430,"date":"2025-06-03T13:41:30","date_gmt":"2025-06-03T11:41:30","guid":{"rendered":"https:\/\/www.siimet.fi\/?page_id=1430"},"modified":"2025-11-24T15:34:45","modified_gmt":"2025-11-24T13:34:45","slug":"lifting-fifth-wheel","status":"publish","type":"page","link":"https:\/\/www.siimet.fi\/en\/tuotteet\/siimet-nousupoyta\/","title":{"rendered":"Lifting fifth wheel"},"content":{"rendered":"<div class=\"wp-block-group alignfull has-color-1-background-color has-background has-global-padding is-layout-constrained wp-container-core-group-is-layout-201a1795 wp-block-group-is-layout-constrained\" style=\"padding-top:0px;padding-right:0px;padding-bottom:0px;padding-left:0px\">\n<div class=\"wp-block-cover alignfull has-parallax is-style-default wp-duotone-unset-2\" style=\"padding-top:var(--wp--preset--spacing--normal);padding-right:var(--wp--preset--spacing--normal);padding-bottom:var(--wp--preset--spacing--normal);padding-left:var(--wp--preset--spacing--normal);min-height:825px;aspect-ratio:unset;\"><div role=\"img\" aria-label=\"Lifting fifth wheel\" class=\"wp-block-cover__image-background wp-image-1481 size-large has-parallax\" style=\"background-position:50% 50%;background-image:url(https:\/\/www.siimet.fi\/wp-content\/uploads\/2025\/06\/siimet-nousupoyta-1024x576.jpg)\"><\/div><span aria-hidden=\"true\" class=\"wp-block-cover__background has-color-4-background-color has-background-dim-70 has-background-dim\"><\/span><div class=\"wp-block-cover__inner-container has-global-padding is-layout-constrained wp-container-core-cover-is-layout-0b798fb3 wp-block-cover-is-layout-constrained\">\n<div class=\"wp-block-columns are-vertically-aligned-center is-layout-flex wp-container-core-columns-is-layout-28f84493 wp-block-columns-is-layout-flex\">\n<div class=\"wp-block-column is-vertically-aligned-center is-layout-flow wp-block-column-is-layout-flow\">\n<figure class=\"wp-block-image size-large is-resized\"><img decoding=\"async\" src=\"https:\/\/www.siimet.fi\/wp-content\/uploads\/2024\/09\/siimetlavetit.svg\" alt=\"\" class=\"wp-image-519\" style=\"width:200px\"\/><\/figure>\n\n\n\n<div class=\"wp-block-getwid-advanced-heading has-custom-font-size fs-mobile-50\" style=\"font-size:60px\"><span class=\"wp-block-getwid-advanced-heading__content\" style=\"font-weight:600;text-transform:uppercase;line-height:1em\">Reliable Performance for the Most Demanding Applications<\/span><\/div>\n\n\n\n<p>Siimet manufactures lifting fifth wheels for the demanding needs of heavy equipment - reliability, strength and functionality for professionals.<\/p>\n\n\n\n<p>We design and implement lifting fifth wheels for trucks - both for new installations and for equipment upgrades. User-friendliness, fast operation and long service life are standard for us. Whether sliding table or fixed solution, we ensure reliable operation even under heavy use.<\/p>\n\n\n\n<div class=\"wp-block-buttons is-layout-flex wp-block-buttons-is-layout-flex\" style=\"margin-top:var(--wp--preset--spacing--large)\">\n<div class=\"wp-block-button\"><a class=\"wp-block-button__link wp-element-button\" href=\"#toteutukset\">Applications<\/a><\/div>\n\n\n\n<div class=\"wp-block-button is-style-outline is-style-outline--1\"><a class=\"wp-block-button__link has-color-9-color has-text-color has-link-color wp-element-button\" href=\"tel:+358443216129\">Spare parts: <strong>+<\/strong>358 <strong>44 321 6129<\/strong><\/a><\/div>\n<\/div>\n<\/div>\n\n\n\n<div class=\"wp-block-column is-vertically-aligned-center is-layout-flow wp-block-column-is-layout-flow\">\n<figure class=\"wp-block-image size-full has-custom-border is-style-default\"><img loading=\"lazy\" decoding=\"async\" width=\"900\" height=\"1200\" src=\"https:\/\/www.siimet.fi\/wp-content\/uploads\/2025\/06\/siimet-nousupoydat.jpg\" alt=\"Lifting fifth wheel\" class=\"wp-image-1490\" style=\"border-style:none;border-width:0px;border-radius:0px;aspect-ratio:1;object-fit:cover\" srcset=\"https:\/\/www.siimet.fi\/wp-content\/uploads\/2025\/06\/siimet-nousupoydat.jpg 900w, https:\/\/www.siimet.fi\/wp-content\/uploads\/2025\/06\/siimet-nousupoydat-225x300.jpg 225w, https:\/\/www.siimet.fi\/wp-content\/uploads\/2025\/06\/siimet-nousupoydat-768x1024.jpg 768w\" sizes=\"auto, (max-width: 900px) 100vw, 900px\" \/><\/figure>\n<\/div>\n<\/div>\n<\/div><\/div>\n<\/div>\n\n\n\n<div class=\"wp-block-group alignfull has-global-padding is-layout-constrained wp-container-core-group-is-layout-87f961f7 wp-block-group-is-layout-constrained has-background\" style=\"margin-top:0;margin-bottom:0;padding-top:90px;padding-right:var(--wp--preset--spacing--normal);padding-bottom:0px;padding-left:var(--wp--preset--spacing--normal);background-position:50% 0;\">\n<div class=\"wp-block-columns alignwide are-vertically-aligned-center is-layout-flex wp-container-core-columns-is-layout-9f25c019 wp-block-columns-is-layout-flex\">\n<div class=\"wp-block-column is-vertically-aligned-center is-layout-flow wp-block-column-is-layout-flow\">\n<figure class=\"wp-block-image size-full has-custom-border is-style-default\"><img loading=\"lazy\" decoding=\"async\" width=\"900\" height=\"1200\" src=\"https:\/\/www.siimet.fi\/wp-content\/uploads\/2025\/09\/nousupoyta-punainen-siimet.jpg\" alt=\"Lifting fifth wheel\" class=\"wp-image-1911\" style=\"border-style:none;border-width:0px;border-radius:0px;aspect-ratio:3\/4;object-fit:cover\" srcset=\"https:\/\/www.siimet.fi\/wp-content\/uploads\/2025\/09\/nousupoyta-punainen-siimet.jpg 900w, https:\/\/www.siimet.fi\/wp-content\/uploads\/2025\/09\/nousupoyta-punainen-siimet-225x300.jpg 225w, https:\/\/www.siimet.fi\/wp-content\/uploads\/2025\/09\/nousupoyta-punainen-siimet-768x1024.jpg 768w, https:\/\/www.siimet.fi\/wp-content\/uploads\/2025\/09\/nousupoyta-punainen-siimet-9x12.jpg 9w\" sizes=\"auto, (max-width: 900px) 100vw, 900px\" \/><\/figure>\n<\/div>\n\n\n\n<div class=\"wp-block-column is-vertically-aligned-center is-layout-flow wp-container-core-column-is-layout-360d14ef wp-block-column-is-layout-flow\">\n<h2 class=\"wp-block-heading has-huge-font-size\">Lifting fifth wheel<\/h2>\n\n\n\n<p>The hydraulic system of the lift table allows the table to be operated and various accessories to be controlled smoothly and reliably. The systems are designed for efficiency and durability to ensure reliable operation even under heavy-duty professional use and varying conditions.<\/p>\n\n\n\n<p>Reliability in use is ensured by a properly dimensioned D-value and U-value, which indicate the durability and load-bearing capacity of the tension member combination. In addition, mounting options - such as a sliding table or a fixed towing table - allow flexible integration of the trailer into different vehicles and applications. The hydraulic unit can be installed in the vehicle's own system or equipped with a separate pump and reservoir as required. <\/p>\n\n\n\n<h3 class=\"wp-block-heading translation-block\">Technical data:<\/h3>\n\n\n\n<ul style=\"border-style:none;border-width:0px\" class=\"wp-block-list has-medium-font-size\">\n<li><strong>D-value:<\/strong><br>300 kN<\/li>\n\n\n\n<li><strong>U-value:<\/strong><br>50 tonnes<\/li>\n\n\n\n<li><strong>Installation:<\/strong><br>Sliding table or fixed pull-out table seat<\/li>\n\n\n\n<li><strong>Hydraulics:<\/strong><br>Pump, tank and filters - either complete in the vehicle or available as separate parts<\/li>\n<\/ul>\n<\/div>\n<\/div>\n<\/div>\n\n\n\n<div class=\"wp-block-group alignwide has-color-1-background-color has-background is-layout-flow wp-block-group-is-layout-flow\" style=\"border-radius:8px;margin-top:60px;padding-top:40px;padding-right:40px;padding-bottom:40px;padding-left:40px\">\n<div class=\"wp-block-group is-content-justification-space-between is-layout-flex wp-container-core-group-is-layout-9366075c wp-block-group-is-layout-flex\">\n<h2 class=\"wp-block-heading has-color-4-color has-text-color has-link-color wp-elements-878007de740514f5f28d3f01471fc9f7 wp-container-content-02152353\" id=\"toteutukset\" style=\"font-size:clamp(28.836px, 1.802rem + ((1vw - 3.2px) * 2.52), 50px);text-transform:uppercase\">Applications<\/h2>\n\n\n\n<div class=\"wp-block-buttons is-content-justification-right is-layout-flex wp-container-core-buttons-is-layout-d445cf74 wp-block-buttons-is-layout-flex\">\n<div class=\"wp-block-button is-style-outline is-style-outline--3\"><a class=\"wp-block-button__link has-color-4-color has-text-color has-link-color wp-element-button\" href=\"https:\/\/www.siimet.fi\/en\/contact\/\">Contact sales<\/a><\/div>\n<\/div>\n<\/div>\n<\/div>\n\n\n\n<figure class=\"wp-block-gallery alignwide has-nested-images columns-2 wp-block-gallery-4 is-layout-flex wp-block-gallery-is-layout-flex\">\n<figure data-wp-context=\"{&quot;imageId&quot;:&quot;69f20df63b3f9&quot;}\" data-wp-interactive=\"core\/image\" data-wp-key=\"69f20df63b3f9\" class=\"wp-block-image size-large wp-lightbox-container\"><img loading=\"lazy\" decoding=\"async\" width=\"1024\" height=\"768\" data-wp-class--hide=\"state.isContentHidden\" data-wp-class--show=\"state.isContentVisible\" data-wp-init=\"callbacks.setButtonStyles\" data-wp-on--click=\"actions.showLightbox\" data-wp-on--load=\"callbacks.setButtonStyles\" data-wp-on-window--resize=\"callbacks.setButtonStyles\" data-id=\"1494\" src=\"https:\/\/www.siimet.fi\/wp-content\/uploads\/2025\/06\/nousupoyta-volvo-1024x768.jpg\" alt=\"Lifting 5th Wheel\" class=\"wp-image-1494\" srcset=\"https:\/\/www.siimet.fi\/wp-content\/uploads\/2025\/06\/nousupoyta-volvo-1024x768.jpg 1024w, https:\/\/www.siimet.fi\/wp-content\/uploads\/2025\/06\/nousupoyta-volvo-300x225.jpg 300w, https:\/\/www.siimet.fi\/wp-content\/uploads\/2025\/06\/nousupoyta-volvo-768x576.jpg 768w, https:\/\/www.siimet.fi\/wp-content\/uploads\/2025\/06\/nousupoyta-volvo.jpg 1200w\" sizes=\"auto, (max-width: 1024px) 100vw, 1024px\" \/><button\n\t\t\tclass=\"lightbox-trigger\"\n\t\t\ttype=\"button\"\n\t\t\taria-haspopup=\"dialog\"\n\t\t\taria-label=\"Enlarge\"\n\t\t\tdata-wp-init=\"callbacks.initTriggerButton\"\n\t\t\tdata-wp-on--click=\"actions.showLightbox\"\n\t\t\tdata-wp-style--right=\"state.imageButtonRight\"\n\t\t\tdata-wp-style--top=\"state.imageButtonTop\"\n\t\t>\n\t\t\t<svg xmlns=\"http:\/\/www.w3.org\/2000\/svg\" width=\"12\" height=\"12\" fill=\"none\" viewbox=\"0 0 12 12\">\n\t\t\t\t<path fill=\"#fff\" d=\"M2 0a2 2 0 0 0-2 2v2h1.5V2a.5.5 0 0 1 .5-.5h2V0H2Zm2 10.5H2a.5.5 0 0 1-.5-.5V8H0v2a2 2 0 0 0 2 2h2v-1.5ZM8 12v-1.5h2a.5.5 0 0 0 .5-.5V8H12v2a2 2 0 0 1-2 2H8Zm2-12a2 2 0 0 1 2 2v2h-1.5V2a.5.5 0 0 0-.5-.5H8V0h2Z\" \/>\n\t\t\t<\/svg>\n\t\t<\/button><\/figure>\n\n\n\n<figure data-wp-context=\"{&quot;imageId&quot;:&quot;69f20df63c3a1&quot;}\" data-wp-interactive=\"core\/image\" data-wp-key=\"69f20df63c3a1\" class=\"wp-block-image size-large wp-lightbox-container\"><img loading=\"lazy\" decoding=\"async\" width=\"1024\" height=\"768\" data-wp-class--hide=\"state.isContentHidden\" data-wp-class--show=\"state.isContentVisible\" data-wp-init=\"callbacks.setButtonStyles\" data-wp-on--click=\"actions.showLightbox\" data-wp-on--load=\"callbacks.setButtonStyles\" data-wp-on-window--resize=\"callbacks.setButtonStyles\" data-id=\"1914\" src=\"https:\/\/www.siimet.fi\/wp-content\/uploads\/2025\/09\/nousupoyta-1024x768.jpg\" alt=\"Lifting table - Spices equipment\" class=\"wp-image-1914\" srcset=\"https:\/\/www.siimet.fi\/wp-content\/uploads\/2025\/09\/nousupoyta-1024x768.jpg 1024w, https:\/\/www.siimet.fi\/wp-content\/uploads\/2025\/09\/nousupoyta-300x225.jpg 300w, https:\/\/www.siimet.fi\/wp-content\/uploads\/2025\/09\/nousupoyta-768x576.jpg 768w, https:\/\/www.siimet.fi\/wp-content\/uploads\/2025\/09\/nousupoyta-16x12.jpg 16w, https:\/\/www.siimet.fi\/wp-content\/uploads\/2025\/09\/nousupoyta.jpg 1200w\" sizes=\"auto, (max-width: 1024px) 100vw, 1024px\" \/><button\n\t\t\tclass=\"lightbox-trigger\"\n\t\t\ttype=\"button\"\n\t\t\taria-haspopup=\"dialog\"\n\t\t\taria-label=\"Enlarge\"\n\t\t\tdata-wp-init=\"callbacks.initTriggerButton\"\n\t\t\tdata-wp-on--click=\"actions.showLightbox\"\n\t\t\tdata-wp-style--right=\"state.imageButtonRight\"\n\t\t\tdata-wp-style--top=\"state.imageButtonTop\"\n\t\t>\n\t\t\t<svg xmlns=\"http:\/\/www.w3.org\/2000\/svg\" width=\"12\" height=\"12\" fill=\"none\" viewbox=\"0 0 12 12\">\n\t\t\t\t<path fill=\"#fff\" d=\"M2 0a2 2 0 0 0-2 2v2h1.5V2a.5.5 0 0 1 .5-.5h2V0H2Zm2 10.5H2a.5.5 0 0 1-.5-.5V8H0v2a2 2 0 0 0 2 2h2v-1.5ZM8 12v-1.5h2a.5.5 0 0 0 .5-.5V8H12v2a2 2 0 0 1-2 2H8Zm2-12a2 2 0 0 1 2 2v2h-1.5V2a.5.5 0 0 0-.5-.5H8V0h2Z\" \/>\n\t\t\t<\/svg>\n\t\t<\/button><\/figure>\n\n\n\n<figure data-wp-context=\"{&quot;imageId&quot;:&quot;69f20df63cca8&quot;}\" data-wp-interactive=\"core\/image\" data-wp-key=\"69f20df63cca8\" class=\"wp-block-image size-large wp-lightbox-container\"><img loading=\"lazy\" decoding=\"async\" width=\"1024\" height=\"768\" data-wp-class--hide=\"state.isContentHidden\" data-wp-class--show=\"state.isContentVisible\" data-wp-init=\"callbacks.setButtonStyles\" data-wp-on--click=\"actions.showLightbox\" data-wp-on--load=\"callbacks.setButtonStyles\" data-wp-on-window--resize=\"callbacks.setButtonStyles\" data-id=\"1500\" src=\"https:\/\/www.siimet.fi\/wp-content\/uploads\/2025\/06\/nousupoydat-siimet-1024x768.jpg\" alt=\"Silk risers\" class=\"wp-image-1500\" srcset=\"https:\/\/www.siimet.fi\/wp-content\/uploads\/2025\/06\/nousupoydat-siimet-1024x768.jpg 1024w, https:\/\/www.siimet.fi\/wp-content\/uploads\/2025\/06\/nousupoydat-siimet-300x225.jpg 300w, https:\/\/www.siimet.fi\/wp-content\/uploads\/2025\/06\/nousupoydat-siimet-768x576.jpg 768w, https:\/\/www.siimet.fi\/wp-content\/uploads\/2025\/06\/nousupoydat-siimet.jpg 1200w\" sizes=\"auto, (max-width: 1024px) 100vw, 1024px\" \/><button\n\t\t\tclass=\"lightbox-trigger\"\n\t\t\ttype=\"button\"\n\t\t\taria-haspopup=\"dialog\"\n\t\t\taria-label=\"Enlarge\"\n\t\t\tdata-wp-init=\"callbacks.initTriggerButton\"\n\t\t\tdata-wp-on--click=\"actions.showLightbox\"\n\t\t\tdata-wp-style--right=\"state.imageButtonRight\"\n\t\t\tdata-wp-style--top=\"state.imageButtonTop\"\n\t\t>\n\t\t\t<svg xmlns=\"http:\/\/www.w3.org\/2000\/svg\" width=\"12\" height=\"12\" fill=\"none\" viewbox=\"0 0 12 12\">\n\t\t\t\t<path fill=\"#fff\" d=\"M2 0a2 2 0 0 0-2 2v2h1.5V2a.5.5 0 0 1 .5-.5h2V0H2Zm2 10.5H2a.5.5 0 0 1-.5-.5V8H0v2a2 2 0 0 0 2 2h2v-1.5ZM8 12v-1.5h2a.5.5 0 0 0 .5-.5V8H12v2a2 2 0 0 1-2 2H8Zm2-12a2 2 0 0 1 2 2v2h-1.5V2a.5.5 0 0 0-.5-.5H8V0h2Z\" \/>\n\t\t\t<\/svg>\n\t\t<\/button><\/figure>\n\n\n\n<figure data-wp-context=\"{&quot;imageId&quot;:&quot;69f20df63dc1a&quot;}\" data-wp-interactive=\"core\/image\" data-wp-key=\"69f20df63dc1a\" class=\"wp-block-image size-large wp-lightbox-container\"><img loading=\"lazy\" decoding=\"async\" width=\"1024\" height=\"768\" data-wp-class--hide=\"state.isContentHidden\" data-wp-class--show=\"state.isContentVisible\" data-wp-init=\"callbacks.setButtonStyles\" data-wp-on--click=\"actions.showLightbox\" data-wp-on--load=\"callbacks.setButtonStyles\" data-wp-on-window--resize=\"callbacks.setButtonStyles\" data-id=\"1502\" src=\"https:\/\/www.siimet.fi\/wp-content\/uploads\/2025\/06\/nousupoyta-siimet-varustelee-1024x768.jpg\" alt=\"Standing table - Made by Siimet\" class=\"wp-image-1502\" srcset=\"https:\/\/www.siimet.fi\/wp-content\/uploads\/2025\/06\/nousupoyta-siimet-varustelee-1024x768.jpg 1024w, https:\/\/www.siimet.fi\/wp-content\/uploads\/2025\/06\/nousupoyta-siimet-varustelee-300x225.jpg 300w, https:\/\/www.siimet.fi\/wp-content\/uploads\/2025\/06\/nousupoyta-siimet-varustelee-768x576.jpg 768w, https:\/\/www.siimet.fi\/wp-content\/uploads\/2025\/06\/nousupoyta-siimet-varustelee.jpg 1200w\" sizes=\"auto, (max-width: 1024px) 100vw, 1024px\" \/><button\n\t\t\tclass=\"lightbox-trigger\"\n\t\t\ttype=\"button\"\n\t\t\taria-haspopup=\"dialog\"\n\t\t\taria-label=\"Enlarge\"\n\t\t\tdata-wp-init=\"callbacks.initTriggerButton\"\n\t\t\tdata-wp-on--click=\"actions.showLightbox\"\n\t\t\tdata-wp-style--right=\"state.imageButtonRight\"\n\t\t\tdata-wp-style--top=\"state.imageButtonTop\"\n\t\t>\n\t\t\t<svg xmlns=\"http:\/\/www.w3.org\/2000\/svg\" width=\"12\" height=\"12\" fill=\"none\" viewbox=\"0 0 12 12\">\n\t\t\t\t<path fill=\"#fff\" d=\"M2 0a2 2 0 0 0-2 2v2h1.5V2a.5.5 0 0 1 .5-.5h2V0H2Zm2 10.5H2a.5.5 0 0 1-.5-.5V8H0v2a2 2 0 0 0 2 2h2v-1.5ZM8 12v-1.5h2a.5.5 0 0 0 .5-.5V8H12v2a2 2 0 0 1-2 2H8Zm2-12a2 2 0 0 1 2 2v2h-1.5V2a.5.5 0 0 0-.5-.5H8V0h2Z\" \/>\n\t\t\t<\/svg>\n\t\t<\/button><\/figure>\n<\/figure>","protected":false},"excerpt":{"rendered":"<p>Siimet nousup\u00f6yt\u00e4 Nousup\u00f6yd\u00e4n hydrauliikka mahdollistaa p\u00f6yd\u00e4n k\u00e4yt\u00f6n sek\u00e4 erilaisten lis\u00e4laitteiden ohjauksen sujuvasti ja luotettavasti. J\u00e4rjestelmien suunnittelussa painotetaan tehokkuutta ja kest\u00e4vyytt\u00e4, jotta ne toimivat luotettavasti my\u00f6s raskaassa ammattik\u00e4yt\u00f6ss\u00e4 ja vaihtelevissa olosuhteissa. K\u00e4ytt\u00f6varmuuden varmistavat asianmukaisesti mitoitettu D-arvo ja U-arvo, jotka kertovat vetolaiteyhdistelm\u00e4n kest\u00e4vyydest\u00e4 ja kantokyvyst\u00e4. Lis\u00e4ksi asennusvaihtoehdot \u2013 kuten liukup\u00f6yt\u00e4 tai kiinte\u00e4 vetop\u00f6yt\u00e4 \u2013 mahdollistavat per\u00e4vaunun joustavan [&hellip;]<\/p>\n","protected":false},"author":1,"featured_media":0,"parent":368,"menu_order":0,"comment_status":"closed","ping_status":"closed","template":"","meta":{"inline_featured_image":false,"footnotes":""},"class_list":["post-1430","page","type-page","status-publish","hentry"],"yoast_head":"<!-- This site is optimized with the Yoast SEO plugin v27.3 - https:\/\/yoast.com\/product\/yoast-seo-wordpress\/ -->\n<title>Nousup\u00f6yt\u00e4 - Siimet<\/title>\n<meta name=\"description\" content=\"Siimet nousup\u00f6yt\u00e4. Suunnittelemme ja toteutamme nousup\u00f6yd\u00e4t rekan vetoautoihin yksil\u00f6llisesti \u2013 niin uusasennuksiin kuin kalustop\u00e4ivityksiin.\" \/>\n<meta name=\"robots\" content=\"index, follow, max-snippet:-1, max-image-preview:large, max-video-preview:-1\" \/>\n<link rel=\"canonical\" href=\"https:\/\/www.siimet.fi\/en\/products\/lifting-fifth-wheel\/\" \/>\n<meta property=\"og:locale\" content=\"en_GB\" \/>\n<meta property=\"og:type\" content=\"article\" \/>\n<meta property=\"og:title\" content=\"Nousup\u00f6yt\u00e4 - Siimet\" \/>\n<meta property=\"og:description\" content=\"Siimet nousup\u00f6yt\u00e4. Suunnittelemme ja toteutamme nousup\u00f6yd\u00e4t rekan vetoautoihin yksil\u00f6llisesti \u2013 niin uusasennuksiin kuin kalustop\u00e4ivityksiin.\" \/>\n<meta property=\"og:url\" content=\"https:\/\/www.siimet.fi\/en\/products\/lifting-fifth-wheel\/\" \/>\n<meta property=\"og:site_name\" content=\"Siimet\" \/>\n<meta property=\"article:publisher\" content=\"https:\/\/www.facebook.com\/siimetoy\" \/>\n<meta property=\"article:modified_time\" content=\"2025-11-24T13:34:45+00:00\" \/>\n<meta name=\"twitter:card\" content=\"summary_large_image\" \/>\n<meta name=\"twitter:label1\" content=\"Estimated reading time\" \/>\n\t<meta name=\"twitter:data1\" content=\"3 minutes\" \/>\n<script type=\"application\/ld+json\" class=\"yoast-schema-graph\">{\"@context\":\"https:\\\/\\\/schema.org\",\"@graph\":[{\"@type\":\"WebPage\",\"@id\":\"https:\\\/\\\/www.siimet.fi\\\/tuotteet\\\/siimet-nousupoyta\\\/\",\"url\":\"https:\\\/\\\/www.siimet.fi\\\/tuotteet\\\/siimet-nousupoyta\\\/\",\"name\":\"Nousup\u00f6yt\u00e4 - Siimet\",\"isPartOf\":{\"@id\":\"https:\\\/\\\/www.siimet.fi\\\/#website\"},\"primaryImageOfPage\":{\"@id\":\"https:\\\/\\\/www.siimet.fi\\\/tuotteet\\\/siimet-nousupoyta\\\/#primaryimage\"},\"image\":{\"@id\":\"https:\\\/\\\/www.siimet.fi\\\/tuotteet\\\/siimet-nousupoyta\\\/#primaryimage\"},\"thumbnailUrl\":\"https:\\\/\\\/www.siimet.fi\\\/wp-content\\\/uploads\\\/2024\\\/09\\\/siimetlavetit.svg\",\"datePublished\":\"2025-06-03T11:41:30+00:00\",\"dateModified\":\"2025-11-24T13:34:45+00:00\",\"description\":\"Siimet nousup\u00f6yt\u00e4. Suunnittelemme ja toteutamme nousup\u00f6yd\u00e4t rekan vetoautoihin yksil\u00f6llisesti \u2013 niin uusasennuksiin kuin kalustop\u00e4ivityksiin.\",\"breadcrumb\":{\"@id\":\"https:\\\/\\\/www.siimet.fi\\\/tuotteet\\\/siimet-nousupoyta\\\/#breadcrumb\"},\"inLanguage\":\"en-GB\",\"potentialAction\":[{\"@type\":\"ReadAction\",\"target\":[\"https:\\\/\\\/www.siimet.fi\\\/tuotteet\\\/siimet-nousupoyta\\\/\"]}]},{\"@type\":\"ImageObject\",\"inLanguage\":\"en-GB\",\"@id\":\"https:\\\/\\\/www.siimet.fi\\\/tuotteet\\\/siimet-nousupoyta\\\/#primaryimage\",\"url\":\"https:\\\/\\\/www.siimet.fi\\\/wp-content\\\/uploads\\\/2024\\\/09\\\/siimetlavetit.svg\",\"contentUrl\":\"https:\\\/\\\/www.siimet.fi\\\/wp-content\\\/uploads\\\/2024\\\/09\\\/siimetlavetit.svg\"},{\"@type\":\"BreadcrumbList\",\"@id\":\"https:\\\/\\\/www.siimet.fi\\\/tuotteet\\\/siimet-nousupoyta\\\/#breadcrumb\",\"itemListElement\":[{\"@type\":\"ListItem\",\"position\":1,\"name\":\"Etusivu\",\"item\":\"https:\\\/\\\/www.siimet.fi\\\/\"},{\"@type\":\"ListItem\",\"position\":2,\"name\":\"Siimet Tuotteet\",\"item\":\"https:\\\/\\\/www.siimet.fi\\\/tuotteet\\\/\"},{\"@type\":\"ListItem\",\"position\":3,\"name\":\"Siimet nousup\u00f6yt\u00e4\"}]},{\"@type\":\"WebSite\",\"@id\":\"https:\\\/\\\/www.siimet.fi\\\/#website\",\"url\":\"https:\\\/\\\/www.siimet.fi\\\/\",\"name\":\"Siimet\",\"description\":\"Lavettien valmistus, myynti ja huolto\",\"publisher\":{\"@id\":\"https:\\\/\\\/www.siimet.fi\\\/#organization\"},\"potentialAction\":[{\"@type\":\"SearchAction\",\"target\":{\"@type\":\"EntryPoint\",\"urlTemplate\":\"https:\\\/\\\/www.siimet.fi\\\/?s={search_term_string}\"},\"query-input\":{\"@type\":\"PropertyValueSpecification\",\"valueRequired\":true,\"valueName\":\"search_term_string\"}}],\"inLanguage\":\"en-GB\"},{\"@type\":\"Organization\",\"@id\":\"https:\\\/\\\/www.siimet.fi\\\/#organization\",\"name\":\"Siimet Oy\",\"url\":\"https:\\\/\\\/www.siimet.fi\\\/\",\"logo\":{\"@type\":\"ImageObject\",\"inLanguage\":\"en-GB\",\"@id\":\"https:\\\/\\\/www.siimet.fi\\\/#\\\/schema\\\/logo\\\/image\\\/\",\"url\":\"https:\\\/\\\/www.siimet.fi\\\/wp-content\\\/uploads\\\/2024\\\/09\\\/siimet.svg\",\"contentUrl\":\"https:\\\/\\\/www.siimet.fi\\\/wp-content\\\/uploads\\\/2024\\\/09\\\/siimet.svg\",\"caption\":\"Siimet Oy\"},\"image\":{\"@id\":\"https:\\\/\\\/www.siimet.fi\\\/#\\\/schema\\\/logo\\\/image\\\/\"},\"sameAs\":[\"https:\\\/\\\/www.facebook.com\\\/siimetoy\",\"https:\\\/\\\/www.linkedin.com\\\/company\\\/siimet-oy\\\/\"]}]}<\/script>\n<!-- \/ Yoast SEO plugin. -->","yoast_head_json":{"title":"Climbing table - Siimet","description":"Sponges on the boarding table. We design and manufacture tailored boarding tables for truck tractors - both for new installations and equipment upgrades.","robots":{"index":"index","follow":"follow","max-snippet":"max-snippet:-1","max-image-preview":"max-image-preview:large","max-video-preview":"max-video-preview:-1"},"canonical":"https:\/\/www.siimet.fi\/en\/products\/lifting-fifth-wheel\/","og_locale":"en_GB","og_type":"article","og_title":"Nousup\u00f6yt\u00e4 - Siimet","og_description":"Siimet nousup\u00f6yt\u00e4. Suunnittelemme ja toteutamme nousup\u00f6yd\u00e4t rekan vetoautoihin yksil\u00f6llisesti \u2013 niin uusasennuksiin kuin kalustop\u00e4ivityksiin.","og_url":"https:\/\/www.siimet.fi\/en\/products\/lifting-fifth-wheel\/","og_site_name":"Siimet","article_publisher":"https:\/\/www.facebook.com\/siimetoy","article_modified_time":"2025-11-24T13:34:45+00:00","twitter_card":"summary_large_image","twitter_misc":{"Estimated reading time":"3 minutes"},"schema":{"@context":"https:\/\/schema.org","@graph":[{"@type":"WebPage","@id":"https:\/\/www.siimet.fi\/tuotteet\/siimet-nousupoyta\/","url":"https:\/\/www.siimet.fi\/tuotteet\/siimet-nousupoyta\/","name":"Climbing table - Siimet","isPartOf":{"@id":"https:\/\/www.siimet.fi\/#website"},"primaryImageOfPage":{"@id":"https:\/\/www.siimet.fi\/tuotteet\/siimet-nousupoyta\/#primaryimage"},"image":{"@id":"https:\/\/www.siimet.fi\/tuotteet\/siimet-nousupoyta\/#primaryimage"},"thumbnailUrl":"https:\/\/www.siimet.fi\/wp-content\/uploads\/2024\/09\/siimetlavetit.svg","datePublished":"2025-06-03T11:41:30+00:00","dateModified":"2025-11-24T13:34:45+00:00","description":"Sponges on the boarding table. We design and manufacture tailored boarding tables for truck tractors - both for new installations and equipment upgrades.","breadcrumb":{"@id":"https:\/\/www.siimet.fi\/tuotteet\/siimet-nousupoyta\/#breadcrumb"},"inLanguage":"en-GB","potentialAction":[{"@type":"ReadAction","target":["https:\/\/www.siimet.fi\/tuotteet\/siimet-nousupoyta\/"]}]},{"@type":"ImageObject","inLanguage":"en-GB","@id":"https:\/\/www.siimet.fi\/tuotteet\/siimet-nousupoyta\/#primaryimage","url":"https:\/\/www.siimet.fi\/wp-content\/uploads\/2024\/09\/siimetlavetit.svg","contentUrl":"https:\/\/www.siimet.fi\/wp-content\/uploads\/2024\/09\/siimetlavetit.svg"},{"@type":"BreadcrumbList","@id":"https:\/\/www.siimet.fi\/tuotteet\/siimet-nousupoyta\/#breadcrumb","itemListElement":[{"@type":"ListItem","position":1,"name":"Etusivu","item":"https:\/\/www.siimet.fi\/"},{"@type":"ListItem","position":2,"name":"Siimet Tuotteet","item":"https:\/\/www.siimet.fi\/tuotteet\/"},{"@type":"ListItem","position":3,"name":"Siimet nousup\u00f6yt\u00e4"}]},{"@type":"WebSite","@id":"https:\/\/www.siimet.fi\/#website","url":"https:\/\/www.siimet.fi\/","name":"Siimet","description":"Manufacture, sale and maintenance of pallets","publisher":{"@id":"https:\/\/www.siimet.fi\/#organization"},"potentialAction":[{"@type":"SearchAction","target":{"@type":"EntryPoint","urlTemplate":"https:\/\/www.siimet.fi\/?s={search_term_string}"},"query-input":{"@type":"PropertyValueSpecification","valueRequired":true,"valueName":"search_term_string"}}],"inLanguage":"en-GB"},{"@type":"Organization","@id":"https:\/\/www.siimet.fi\/#organization","name":"Siimet Oy","url":"https:\/\/www.siimet.fi\/","logo":{"@type":"ImageObject","inLanguage":"en-GB","@id":"https:\/\/www.siimet.fi\/#\/schema\/logo\/image\/","url":"https:\/\/www.siimet.fi\/wp-content\/uploads\/2024\/09\/siimet.svg","contentUrl":"https:\/\/www.siimet.fi\/wp-content\/uploads\/2024\/09\/siimet.svg","caption":"Siimet Oy"},"image":{"@id":"https:\/\/www.siimet.fi\/#\/schema\/logo\/image\/"},"sameAs":["https:\/\/www.facebook.com\/siimetoy","https:\/\/www.linkedin.com\/company\/siimet-oy\/"]}]}},"_links":{"self":[{"href":"https:\/\/www.siimet.fi\/en\/wp-json\/wp\/v2\/pages\/1430","targetHints":{"allow":["GET"]}}],"collection":[{"href":"https:\/\/www.siimet.fi\/en\/wp-json\/wp\/v2\/pages"}],"about":[{"href":"https:\/\/www.siimet.fi\/en\/wp-json\/wp\/v2\/types\/page"}],"author":[{"embeddable":true,"href":"https:\/\/www.siimet.fi\/en\/wp-json\/wp\/v2\/users\/1"}],"replies":[{"embeddable":true,"href":"https:\/\/www.siimet.fi\/en\/wp-json\/wp\/v2\/comments?post=1430"}],"version-history":[{"count":25,"href":"https:\/\/www.siimet.fi\/en\/wp-json\/wp\/v2\/pages\/1430\/revisions"}],"predecessor-version":[{"id":1962,"href":"https:\/\/www.siimet.fi\/en\/wp-json\/wp\/v2\/pages\/1430\/revisions\/1962"}],"up":[{"embeddable":true,"href":"https:\/\/www.siimet.fi\/en\/wp-json\/wp\/v2\/pages\/368"}],"wp:attachment":[{"href":"https:\/\/www.siimet.fi\/en\/wp-json\/wp\/v2\/media?parent=1430"}],"curies":[{"name":"wp","href":"https:\/\/api.w.org\/{rel}","templated":true}]}}